{"id":11231,"date":"2018-09-12T12:02:21","date_gmt":"2018-09-12T12:02:21","guid":{"rendered":"https:\/\/staging.dev.firstattribute.com\/de\/software\/firstware-ad-inspector\/"},"modified":"2021-03-25T16:13:17","modified_gmt":"2021-03-25T15:13:17","slug":"firstware-ad-inspector","status":"publish","type":"page","link":"https:\/\/www.firstattribute.com\/de\/firstware-ad-inspector\/","title":{"rendered":"FirstWare AD-Inspector"},"content":{"rendered":"<div class=\"wpb-content-wrapper\">[vc_row top_margin=&#8220;0&#8243; bottom_margin=&#8220;0&#8243; el_class=&#8220;FA-aligncenter&#8220;][vc_column][vc_column_text el_class=&#8220;pcenter&#8220;]\n<h1>FirstWare AD-Inspector<\/h1>\n<h2>Active Directory analysieren und Berichte erstellen<\/h2>\n<p>Das kostenfreie\u00a0<strong>AD Analyse<\/strong>-Tool erm\u00f6glicht Recherchen zu Usern, Gruppen und Computern.<br \/>\n<strong>Exportieren Sie Reports<\/strong>\u00a0und nutzen Sie diese zur Weiterverarbeitung.<\/p>\n[\/vc_column_text][\/vc_column][\/vc_row][vc_row fullwidth=&#8220;yes&#8220; top_margin=&#8220;0&#8243; bottom_margin=&#8220;0&#8243;][vc_column width=&#8220;1\/2&#8243;][vc_column_text]\n<p><img decoding=\"async\" class=\"size-full wp-image-19063 alignright\" src=\"https:\/\/www.firstattribute.com\/wp-content\/uploads\/2020\/12\/AD-Inspector-box400.png\" alt=\"AD Inspector-box\" width=\"400\" height=\"400\" \/><\/p>\n[\/vc_column_text][\/vc_column][vc_column width=&#8220;1\/2&#8243;][vc_column_text]\n<h2>FirstWare AD-Inspector<\/h2>\n<ul>\n<li>Analyse von Benutzerobjekten<\/li>\n<li>Analyse von Kennw\u00f6rtern<\/li>\n<li>Analyse von Gruppen<\/li>\n<li>Reports erzeugen und als CSV- oder Excel-Datei exportieren<\/li>\n<li>KOSTENLOS<\/li>\n<\/ul>\n<p>&gt;&gt; alle <a href=\"https:\/\/www.firstware.com\/de\/iam-delegation\/active-directory-analyse\/\" target=\"_blank\" rel=\"noopener noreferrer\">AD Analysen<\/a><\/p>\n[\/vc_column_text]<div class=\"FA-button\"><a href=\"https:\/\/www.firstware.com\/de\/firstware-ad-inspector\/\" class=\"hb-button hb-default hb-default-button no-three-d\" target=\"_blank\" style=\"-webkit-border-radius: 2px;-moz-border-radius: 2px;border-radius: 2px;\">Zur AD-Inspector Seite<\/a><\/div>[\/vc_column][\/vc_row][vc_row disable_element=&#8220;yes&#8220; top_margin=&#8220;0&#8243; bottom_margin=&#8220;0&#8243;][vc_column][vc_column_text]\n<p>Bitte f\u00fcllen Sie das Formular aus, um den <strong>AD-Inspector Download<\/strong>\u00a0zu starten.<\/p>\n[\/vc_column_text][caldera_form id=\"CF5baa3b72cd087\"][\/caldera_form][\/vc_column][\/vc_row][vc_row][vc_column][vc_tta_accordion active_section=&#8220;1&#8243; no_fill=&#8220;true&#8220;][vc_tta_section title=&#8220;Features&#8220; tab_id=&#8220;1602675214436-071034dd-7728&#8243;][vc_column_text]\n<ul>\n<li>17 verschiedene Analysen \/ Reports<\/li>\n<li>Export als Text (csv) und Excel-Tabelle (xlsx)<\/li>\n<li>Hinweise zu den Analyseergebnissen<\/li>\n<li>Konfiguration vieler Berichte<\/li>\n<li>Filter<\/li>\n<\/ul>\n[\/vc_column_text][\/vc_tta_section][vc_tta_section title=&#8220;Neu in AD-Inspector 2015&#8243; tab_id=&#8220;1602675214481-3c915ba9-2c82&#8243;][vc_column_text]\n<ul>\n<li>Excel-Export (.xlsx) der Berichte<\/li>\n<li>Statusleiste mit Informationen<\/li>\n<li>neues Design<\/li>\n<li>mehr Einstellungen zu einzelnen Reports<\/li>\n<li>optimierter Attribute Browser<\/li>\n<li>verbesserte Filteroptionen<\/li>\n<li>mehr \u00dcbersicht<\/li>\n<li>Bugfixes<\/li>\n<li>&#8230;und AD-Inspector bleibt weiterhin kostenlos!<\/li>\n<\/ul>\n[\/vc_column_text][\/vc_tta_section][vc_tta_section title=&#8220;Screenshots&#8220; tab_id=&#8220;1602675214527-00aa55db-8329&#8243;][vc_column_text]\n<p><strong><a href=\"https:\/\/www.firstattribute.com\/wp-content\/uploads\/2020\/10\/FirstWare-AD-Inspector-2015-Screen-DE.png\" data-rel=\"lightbox-image-0\" data-rl_title=\"\" data-rl_caption=\"\"><img decoding=\"async\" class=\"alignnone wp-image-18506 size-medium\" title=\"\" src=\"https:\/\/www.firstattribute.com\/wp-content\/uploads\/2020\/10\/FirstWare-AD-Inspector-2015-Screen-DE-300x253.png\" alt=\"firstware ad inspector 2015\" width=\"300\" height=\"253\" \/><\/a><\/strong><\/p>\n<p><strong>Hauptmen\u00fc<\/strong><br \/>\nmit FirstWare AD-Inspector<\/p>\n<p>&nbsp;<\/p>\n<p>&nbsp;<\/p>\n<p><a href=\"https:\/\/www.firstattribute.com\/wp-content\/uploads\/2019\/01\/Konfiguration-DE.png\" data-rel=\"lightbox-image-1\" data-rl_title=\"\" data-rl_caption=\"\"><img decoding=\"async\" class=\"alignnone wp-image-12784\" title=\"\" src=\"https:\/\/www.firstattribute.com\/wp-content\/uploads\/2019\/01\/Konfiguration-DE.png\" alt=\"AD-Inspector - Konfiguration\" width=\"300\" height=\"325\" \/><\/a><\/p>\n<p><strong>Parameter einstellen<\/strong><br \/>\nmit FirstWare AD-Inspector<\/p>\n[\/vc_column_text][\/vc_tta_section][vc_tta_section title=&#8220;Systemvoraussetzungen&#8220; tab_id=&#8220;1602675214573-d54707fc-a9dd&#8220;][vc_column_text]\n<p class=\"absatz\" style=\"text-decoration: underline; text-align: left;\"><strong>Systemvoraussetzungen<\/strong><\/p>\n<ul>\n<li><strong>Microsoft Windows XP (oder h\u00f6her)<\/strong><\/li>\n<li>.Net Version 4.0 (oder h\u00f6her)<\/li>\n<li>Active Directory<\/li>\n<\/ul>\n[\/vc_column_text][\/vc_tta_section][vc_tta_section title=&#8220;Lizenzen&#8220; tab_id=&#8220;1602675214625-3e00dbca-d818&#8243;][vc_column_text]\n<h4 class=\"absatz\" style=\"text-decoration: underline; text-align: left;\">Download Lizenz<\/h4>\n<ul>\n<li><strong>Vollversion<\/strong><\/li>\n<li>kostenlos<\/li>\n<li>Die AGB&#8217;s und EULA der FirstAttribute AG gelten f\u00fcr alle Software-Produkte der FirstAttribute.<\/li>\n<\/ul>\n<h4><span style=\"text-decoration: underline;\">Version<\/span><\/h4>\n<ul>\n<li>FirstWare AD-Inspector 2015.0<\/li>\n<li>Release \/ Letztes Update: \u00a030.09.2015<\/li>\n<\/ul>\n[\/vc_column_text][\/vc_tta_section][\/vc_tta_accordion][\/vc_column][\/vc_row][vc_row fullwidth=&#8220;yes&#8220; top_margin=&#8220;0&#8243; bottom_margin=&#8220;-60&#8243; background_color=&#8220;#eff5ff&#8220; el_class=&#8220;FA-aligncenter&#8220;][vc_column][vc_column_text css=&#8220;.vc_custom_1553779458289{padding-top: 40px !important;}&#8220;]\n<p><span style=\"font-size: 1.8em;\">Weitere Infos<\/span><\/p>\n[\/vc_column_text][vc_column_text css=&#8220;.vc_custom_1553855361416{margin-top: -15px !important;}&#8220;]\n<p>M\u00f6chten Sie mehr erfahren \u00fcber den FirstWare AD-Inspector? Gerne k\u00f6nnen Sie uns kontaktieren.<\/p>\n[\/vc_column_text]<div class=\"FA-button\"><a href=\"https:\/\/www.firstattribute.com\/unternehmen\/kontakt\/\" class=\"hb-button hb-default hb-default-button no-three-d\" target=\"_blank\" style=\"-webkit-border-radius: 2px;-moz-border-radius: 2px;border-radius: 2px;\">Kontaktieren<\/a><\/div><div class=\"shortcode-wrapper shortcode-spacer clearfix\"><div class=\"spacer\" style=\"height:20px;\"><\/div><\/div>[\/vc_column][\/vc_row]\n<\/div>","protected":false},"excerpt":{"rendered":"<p>[vc_row top_margin=&#8220;0&#8243; bottom_margin=&#8220;0&#8243; el_class=&#8220;FA-aligncenter&#8220;][vc_column][vc_column_text el_class=&#8220;pcenter&#8220;] FirstWare AD-Inspector Active Directory analysieren und Berichte erstellen Das kostenfreie\u00a0AD Analyse-Tool erm\u00f6glicht Recherchen zu Usern, [&hellip;]<\/p>\n","protected":false},"author":19,"featured_media":0,"parent":0,"menu_order":0,"comment_status":"open","ping_status":"closed","template":"","meta":{"_monsterinsights_skip_tracking":false,"_monsterinsights_sitenote_active":false,"_monsterinsights_sitenote_note":"","_monsterinsights_sitenote_category":0,"footnotes":""},"class_list":["post-11231","page","type-page","status-publish","hentry"],"yoast_head":"<!-- This site is optimized with the Yoast SEO plugin v27.5 - https:\/\/yoast.com\/product\/yoast-seo-wordpress\/ -->\n<title>AD-Inspector - Free Active Directory Reports - FirstAttribute AG<\/title>\n<meta name=\"description\" content=\"FirstWare AD-Inspector untersucht Ihr AD auf leere Gruppen, abgelaufene Kennw\u00f6rter und vieles mehr. 17 Analysen zu Active Directory - kostenlos\" \/>\n<meta name=\"robots\" content=\"index, follow, max-snippet:-1, max-image-preview:large, max-video-preview:-1\" \/>\n<link rel=\"canonical\" href=\"https:\/\/www.firstattribute.com\/de\/firstware-ad-inspector\/\" \/>\n<meta property=\"og:locale\" content=\"de_DE\" \/>\n<meta property=\"og:type\" content=\"article\" \/>\n<meta property=\"og:title\" content=\"AD-Inspector - Free Active Directory Reports - FirstAttribute AG\" \/>\n<meta property=\"og:description\" content=\"FirstWare AD-Inspector untersucht Ihr AD auf leere Gruppen, abgelaufene Kennw\u00f6rter und vieles mehr. 17 Analysen zu Active Directory - kostenlos\" \/>\n<meta property=\"og:url\" content=\"https:\/\/www.firstattribute.com\/de\/firstware-ad-inspector\/\" \/>\n<meta property=\"og:site_name\" content=\"FirstAttribute AG\" \/>\n<meta property=\"article:modified_time\" content=\"2021-03-25T15:13:17+00:00\" \/>\n<meta property=\"og:image\" content=\"https:\/\/www.firstattribute.com\/wp-content\/uploads\/2020\/12\/AD-Inspector-box400.png\" \/>\n<meta name=\"twitter:label1\" content=\"Gesch\u00e4tzte Lesezeit\" \/>\n\t<meta name=\"twitter:data1\" content=\"2\u00a0Minuten\" \/>\n<script type=\"application\/ld+json\" class=\"yoast-schema-graph\">{\"@context\":\"https:\\\/\\\/schema.org\",\"@graph\":[{\"@type\":\"WebPage\",\"@id\":\"https:\\\/\\\/www.firstattribute.com\\\/de\\\/firstware-ad-inspector\\\/\",\"url\":\"https:\\\/\\\/www.firstattribute.com\\\/de\\\/firstware-ad-inspector\\\/\",\"name\":\"AD-Inspector - Free Active Directory Reports - FirstAttribute AG\",\"isPartOf\":{\"@id\":\"https:\\\/\\\/www.firstattribute.com\\\/de\\\/#website\"},\"primaryImageOfPage\":{\"@id\":\"https:\\\/\\\/www.firstattribute.com\\\/de\\\/firstware-ad-inspector\\\/#primaryimage\"},\"image\":{\"@id\":\"https:\\\/\\\/www.firstattribute.com\\\/de\\\/firstware-ad-inspector\\\/#primaryimage\"},\"thumbnailUrl\":\"https:\\\/\\\/www.firstattribute.com\\\/wp-content\\\/uploads\\\/2020\\\/12\\\/AD-Inspector-box400.png\",\"datePublished\":\"2018-09-12T12:02:21+00:00\",\"dateModified\":\"2021-03-25T15:13:17+00:00\",\"description\":\"FirstWare AD-Inspector untersucht Ihr AD auf leere Gruppen, abgelaufene Kennw\u00f6rter und vieles mehr. 17 Analysen zu Active Directory - kostenlos\",\"breadcrumb\":{\"@id\":\"https:\\\/\\\/www.firstattribute.com\\\/de\\\/firstware-ad-inspector\\\/#breadcrumb\"},\"inLanguage\":\"de\",\"potentialAction\":[{\"@type\":\"ReadAction\",\"target\":[\"https:\\\/\\\/www.firstattribute.com\\\/de\\\/firstware-ad-inspector\\\/\"]}]},{\"@type\":\"ImageObject\",\"inLanguage\":\"de\",\"@id\":\"https:\\\/\\\/www.firstattribute.com\\\/de\\\/firstware-ad-inspector\\\/#primaryimage\",\"url\":\"https:\\\/\\\/www.firstattribute.com\\\/wp-content\\\/uploads\\\/2020\\\/12\\\/AD-Inspector-box400.png\",\"contentUrl\":\"https:\\\/\\\/www.firstattribute.com\\\/wp-content\\\/uploads\\\/2020\\\/12\\\/AD-Inspector-box400.png\"},{\"@type\":\"BreadcrumbList\",\"@id\":\"https:\\\/\\\/www.firstattribute.com\\\/de\\\/firstware-ad-inspector\\\/#breadcrumb\",\"itemListElement\":[{\"@type\":\"ListItem\",\"position\":1,\"name\":\"Startseite\",\"item\":\"https:\\\/\\\/www.firstattribute.com\\\/de\\\/\"},{\"@type\":\"ListItem\",\"position\":2,\"name\":\"FirstWare AD-Inspector\"}]},{\"@type\":\"WebSite\",\"@id\":\"https:\\\/\\\/www.firstattribute.com\\\/de\\\/#website\",\"url\":\"https:\\\/\\\/www.firstattribute.com\\\/de\\\/\",\"name\":\"FirstAttribute AG\",\"description\":\"IAM Software &amp; Cloud Services\",\"publisher\":{\"@id\":\"https:\\\/\\\/www.firstattribute.com\\\/de\\\/#organization\"},\"potentialAction\":[{\"@type\":\"SearchAction\",\"target\":{\"@type\":\"EntryPoint\",\"urlTemplate\":\"https:\\\/\\\/www.firstattribute.com\\\/de\\\/?s={search_term_string}\"},\"query-input\":{\"@type\":\"PropertyValueSpecification\",\"valueRequired\":true,\"valueName\":\"search_term_string\"}}],\"inLanguage\":\"de\"},{\"@type\":\"Organization\",\"@id\":\"https:\\\/\\\/www.firstattribute.com\\\/de\\\/#organization\",\"name\":\"FirstAttribute AG\",\"url\":\"https:\\\/\\\/www.firstattribute.com\\\/de\\\/\",\"logo\":{\"@type\":\"ImageObject\",\"inLanguage\":\"de\",\"@id\":\"https:\\\/\\\/www.firstattribute.com\\\/de\\\/#\\\/schema\\\/logo\\\/image\\\/\",\"url\":\"https:\\\/\\\/www.firstattribute.com\\\/wp-content\\\/uploads\\\/2021\\\/01\\\/FIRSTATTRIBUTE-Logo2013-final-700x145px.png\",\"contentUrl\":\"https:\\\/\\\/www.firstattribute.com\\\/wp-content\\\/uploads\\\/2021\\\/01\\\/FIRSTATTRIBUTE-Logo2013-final-700x145px.png\",\"width\":700,\"height\":145,\"caption\":\"FirstAttribute AG\"},\"image\":{\"@id\":\"https:\\\/\\\/www.firstattribute.com\\\/de\\\/#\\\/schema\\\/logo\\\/image\\\/\"}}]}<\/script>\n<!-- \/ Yoast SEO plugin. -->","yoast_head_json":{"title":"AD-Inspector - Free Active Directory Reports - FirstAttribute AG","description":"FirstWare AD-Inspector untersucht Ihr AD auf leere Gruppen, abgelaufene Kennw\u00f6rter und vieles mehr. 17 Analysen zu Active Directory - kostenlos","robots":{"index":"index","follow":"follow","max-snippet":"max-snippet:-1","max-image-preview":"max-image-preview:large","max-video-preview":"max-video-preview:-1"},"canonical":"https:\/\/www.firstattribute.com\/de\/firstware-ad-inspector\/","og_locale":"de_DE","og_type":"article","og_title":"AD-Inspector - Free Active Directory Reports - FirstAttribute AG","og_description":"FirstWare AD-Inspector untersucht Ihr AD auf leere Gruppen, abgelaufene Kennw\u00f6rter und vieles mehr. 17 Analysen zu Active Directory - kostenlos","og_url":"https:\/\/www.firstattribute.com\/de\/firstware-ad-inspector\/","og_site_name":"FirstAttribute AG","article_modified_time":"2021-03-25T15:13:17+00:00","og_image":[{"url":"https:\/\/www.firstattribute.com\/wp-content\/uploads\/2020\/12\/AD-Inspector-box400.png","type":"","width":"","height":""}],"twitter_misc":{"Gesch\u00e4tzte Lesezeit":"2\u00a0Minuten"},"schema":{"@context":"https:\/\/schema.org","@graph":[{"@type":"WebPage","@id":"https:\/\/www.firstattribute.com\/de\/firstware-ad-inspector\/","url":"https:\/\/www.firstattribute.com\/de\/firstware-ad-inspector\/","name":"AD-Inspector - Free Active Directory Reports - FirstAttribute AG","isPartOf":{"@id":"https:\/\/www.firstattribute.com\/de\/#website"},"primaryImageOfPage":{"@id":"https:\/\/www.firstattribute.com\/de\/firstware-ad-inspector\/#primaryimage"},"image":{"@id":"https:\/\/www.firstattribute.com\/de\/firstware-ad-inspector\/#primaryimage"},"thumbnailUrl":"https:\/\/www.firstattribute.com\/wp-content\/uploads\/2020\/12\/AD-Inspector-box400.png","datePublished":"2018-09-12T12:02:21+00:00","dateModified":"2021-03-25T15:13:17+00:00","description":"FirstWare AD-Inspector untersucht Ihr AD auf leere Gruppen, abgelaufene Kennw\u00f6rter und vieles mehr. 17 Analysen zu Active Directory - kostenlos","breadcrumb":{"@id":"https:\/\/www.firstattribute.com\/de\/firstware-ad-inspector\/#breadcrumb"},"inLanguage":"de","potentialAction":[{"@type":"ReadAction","target":["https:\/\/www.firstattribute.com\/de\/firstware-ad-inspector\/"]}]},{"@type":"ImageObject","inLanguage":"de","@id":"https:\/\/www.firstattribute.com\/de\/firstware-ad-inspector\/#primaryimage","url":"https:\/\/www.firstattribute.com\/wp-content\/uploads\/2020\/12\/AD-Inspector-box400.png","contentUrl":"https:\/\/www.firstattribute.com\/wp-content\/uploads\/2020\/12\/AD-Inspector-box400.png"},{"@type":"BreadcrumbList","@id":"https:\/\/www.firstattribute.com\/de\/firstware-ad-inspector\/#breadcrumb","itemListElement":[{"@type":"ListItem","position":1,"name":"Startseite","item":"https:\/\/www.firstattribute.com\/de\/"},{"@type":"ListItem","position":2,"name":"FirstWare AD-Inspector"}]},{"@type":"WebSite","@id":"https:\/\/www.firstattribute.com\/de\/#website","url":"https:\/\/www.firstattribute.com\/de\/","name":"FirstAttribute AG","description":"IAM Software &amp; Cloud Services","publisher":{"@id":"https:\/\/www.firstattribute.com\/de\/#organization"},"potentialAction":[{"@type":"SearchAction","target":{"@type":"EntryPoint","urlTemplate":"https:\/\/www.firstattribute.com\/de\/?s={search_term_string}"},"query-input":{"@type":"PropertyValueSpecification","valueRequired":true,"valueName":"search_term_string"}}],"inLanguage":"de"},{"@type":"Organization","@id":"https:\/\/www.firstattribute.com\/de\/#organization","name":"FirstAttribute AG","url":"https:\/\/www.firstattribute.com\/de\/","logo":{"@type":"ImageObject","inLanguage":"de","@id":"https:\/\/www.firstattribute.com\/de\/#\/schema\/logo\/image\/","url":"https:\/\/www.firstattribute.com\/wp-content\/uploads\/2021\/01\/FIRSTATTRIBUTE-Logo2013-final-700x145px.png","contentUrl":"https:\/\/www.firstattribute.com\/wp-content\/uploads\/2021\/01\/FIRSTATTRIBUTE-Logo2013-final-700x145px.png","width":700,"height":145,"caption":"FirstAttribute AG"},"image":{"@id":"https:\/\/www.firstattribute.com\/de\/#\/schema\/logo\/image\/"}}]}},"_links":{"self":[{"href":"https:\/\/www.firstattribute.com\/de\/wp-json\/wp\/v2\/pages\/11231","targetHints":{"allow":["GET"]}}],"collection":[{"href":"https:\/\/www.firstattribute.com\/de\/wp-json\/wp\/v2\/pages"}],"about":[{"href":"https:\/\/www.firstattribute.com\/de\/wp-json\/wp\/v2\/types\/page"}],"author":[{"embeddable":true,"href":"https:\/\/www.firstattribute.com\/de\/wp-json\/wp\/v2\/users\/19"}],"replies":[{"embeddable":true,"href":"https:\/\/www.firstattribute.com\/de\/wp-json\/wp\/v2\/comments?post=11231"}],"version-history":[{"count":0,"href":"https:\/\/www.firstattribute.com\/de\/wp-json\/wp\/v2\/pages\/11231\/revisions"}],"wp:attachment":[{"href":"https:\/\/www.firstattribute.com\/de\/wp-json\/wp\/v2\/media?parent=11231"}],"curies":[{"name":"wp","href":"https:\/\/api.w.org\/{rel}","templated":true}]}}