{"id":11237,"date":"2018-09-12T12:02:21","date_gmt":"2018-09-12T12:02:21","guid":{"rendered":"https:\/\/staging.dev.firstattribute.com\/unternehmen\/karriere\/"},"modified":"2024-12-10T13:03:28","modified_gmt":"2024-12-10T12:03:28","slug":"karriere","status":"publish","type":"page","link":"https:\/\/www.firstattribute.com\/de\/karriere\/","title":{"rendered":"Karriere"},"content":{"rendered":"<div class=\"wpb-content-wrapper\">[vc_row top_margin=&#8220;0&#8243; bottom_margin=&#8220;0&#8243; el_class=&#8220;FA-aligncenter&#8220;][vc_column][vc_column_text css=&#8220;&#8220; el_class=&#8220;pcenter&#8220;]\n<h1>Karriere<\/h1>\n[\/vc_column_text][\/vc_column][vc_column][vc_column_text css=&#8220;&#8220; el_class=&#8220;pcenter&#8220;]\n<p>Wir legen gro\u00dfen Wert auf ein offenes und kreatives Arbeitsumfeld.<br \/>\nWerden Sie Teil unseres Teams von engagierten IAM-Spezialisten.<\/p>\n[\/vc_column_text][\/vc_column][\/vc_row][vc_row fullwidth=&#8220;yes&#8220; top_margin=&#8220;0&#8243; bottom_margin=&#8220;0&#8243; el_class=&#8220;FA-alignleft&#8220; background_color=&#8220;#EFF5FF&#8220;][vc_column][vc_column_text css=&#8220;.vc_custom_1731054711643{border-bottom-width: 2px !important;padding-bottom: 10px !important;border-bottom-style: solid !important;border-color: #618BD4 !important;}&#8220;]\n<h2 style=\"text-align: left;\">Zusammen zum Erfolg<\/h2>\n[\/vc_column_text][\/vc_column][vc_column width=&#8220;1\/2&#8243;][vc_column_text css=&#8220;&#8220;]\n<p style=\"text-align: left;\">Wir freuen uns, dass Sie sich f\u00fcr eine Karriere bei FirstAttribute interessieren! Wir legen gro\u00dfen Wert darauf, dass Sie Ihre eigene Pers\u00f6nlichkeit bei uns einbringen und weiterentwickeln k\u00f6nnen.<\/p>\n<p>&nbsp;<\/p>\n<p style=\"text-align: left;\"><strong>Aktuell suchen wir:<\/strong><\/p>\n<ul>\n<li style=\"text-align: left;\">Product Owner<\/li>\n<li style=\"text-align: left;\">Full Stack Developer<\/li>\n<li style=\"text-align: left;\">IT-Consultant<\/li>\n<li style=\"text-align: left;\"><span data-teams=\"true\"><span class=\"ui-provider a b c d e f g h i j k l m n o p q r s t u v w x y z ab ac ae af ag ah ai aj ak\" dir=\"ltr\">Auszubildende<\/span><\/span> <span data-teams=\"true\"><span class=\"ui-provider a b c d e f g h i j k l m n o p q r s t u v w x y z ab ac ae af ag ah ai aj ak\" dir=\"ltr\">als Fachinformatiker<\/span><\/span><\/li>\n<\/ul>\n[\/vc_column_text][\/vc_column][vc_column width=&#8220;1\/2&#8243;][vc_column_text css=&#8220;&#8220;]\n<p><img decoding=\"async\" class=\"runde-ecken alignnone wp-image-39171 size-full\" title=\"FirstAttribute Karriere - Zusammen zum Erfolg\" src=\"https:\/\/www.firstattribute.com\/wp-content\/uploads\/2024\/11\/20240516_085552-scaled-e1731051902929.jpg\" alt=\"FirstAttribute Karriere\" width=\"2466\" height=\"1732\" srcset=\"https:\/\/www.firstattribute.com\/wp-content\/uploads\/2024\/11\/20240516_085552-scaled-e1731051902929.jpg 2466w, https:\/\/www.firstattribute.com\/wp-content\/uploads\/2024\/11\/20240516_085552-scaled-e1731051902929-300x211.jpg 300w, https:\/\/www.firstattribute.com\/wp-content\/uploads\/2024\/11\/20240516_085552-scaled-e1731051902929-1024x719.jpg 1024w, https:\/\/www.firstattribute.com\/wp-content\/uploads\/2024\/11\/20240516_085552-scaled-e1731051902929-768x539.jpg 768w, https:\/\/www.firstattribute.com\/wp-content\/uploads\/2024\/11\/20240516_085552-scaled-e1731051902929-1536x1079.jpg 1536w, https:\/\/www.firstattribute.com\/wp-content\/uploads\/2024\/11\/20240516_085552-scaled-e1731051902929-2048x1438.jpg 2048w\" sizes=\"(max-width: 2466px) 100vw, 2466px\" \/><\/p>\n[\/vc_column_text][\/vc_column][\/vc_row][vc_row fullwidth=&#8220;yes&#8220; background_color=&#8220;#EFF5FF&#8220;][vc_column][vc_column_text css=&#8220;&#8220;]\n<p><a href=\"https:\/\/www.identity-job.de\/jobs\" target=\"_blank\" rel=\"noopener\"><button class=\"ButtonBeratung2 aligncenter\">Alle offenen Stellen ansehen<\/button><\/a><\/p>\n[\/vc_column_text][\/vc_column][\/vc_row][vc_row fullwidth=&#8220;yes&#8220; top_margin=&#8220;0&#8243; bottom_margin=&#8220;0&#8243; el_class=&#8220;FA-aligncenter&#8220; background_color=&#8220;#EFF5FF&#8220; css=&#8220;.vc_custom_1732617081893{margin-bottom: 50px !important;padding-top: 10px !important;}&#8220;][vc_column width=&#8220;1\/2&#8243;]<div class=\"shortcode-wrapper shortcode-spacer clearfix\"><div class=\"spacer\" style=\"height:30px;\"><\/div><\/div>[vc_column_text css=&#8220;&#8220;]\n<p><img decoding=\"async\" class=\"runde-ecken alignnone wp-image-39173 size-full\" title=\"IT-Jobs mit Zukunft\" src=\"https:\/\/www.firstattribute.com\/wp-content\/uploads\/2024\/11\/20230929_164507-scaled-e1732017552402.jpg\" alt=\"IT-Jobs mit Zukunft\" width=\"2560\" height=\"1565\" srcset=\"https:\/\/www.firstattribute.com\/wp-content\/uploads\/2024\/11\/20230929_164507-scaled-e1732017552402.jpg 2560w, https:\/\/www.firstattribute.com\/wp-content\/uploads\/2024\/11\/20230929_164507-scaled-e1732017552402-300x183.jpg 300w, https:\/\/www.firstattribute.com\/wp-content\/uploads\/2024\/11\/20230929_164507-scaled-e1732017552402-1024x626.jpg 1024w, https:\/\/www.firstattribute.com\/wp-content\/uploads\/2024\/11\/20230929_164507-scaled-e1732017552402-768x470.jpg 768w, https:\/\/www.firstattribute.com\/wp-content\/uploads\/2024\/11\/20230929_164507-scaled-e1732017552402-1536x939.jpg 1536w, https:\/\/www.firstattribute.com\/wp-content\/uploads\/2024\/11\/20230929_164507-scaled-e1732017552402-2048x1252.jpg 2048w\" sizes=\"(max-width: 2560px) 100vw, 2560px\" \/><\/p>\n[\/vc_column_text][\/vc_column][vc_column width=&#8220;1\/2&#8243;][vc_column_text css=&#8220;.vc_custom_1731052598359{padding-bottom: 20px !important;}&#8220;]\n<p style=\"text-align: left;\">Auf unserem Karriereportal <a href=\"https:\/\/www.identity-job.de\/identity-jobs\" target=\"_blank\" rel=\"noopener\">Identity-job.de<\/a>. finden Sie umfassende Informationen zu unserem Unternehmen, unserer Philosophie und den Miteinandern in unserem Team.<\/p>\n<p>&nbsp;<\/p>\n<p style=\"text-align: left;\">Wir legen gro\u00dfen Wert auf ein partnerschaftliches Verh\u00e4ltnis \u2013 sowohl intern als auch gegen\u00fcber unseren Kunden.<\/p>\n<p>&nbsp;<\/p>\n<p style=\"text-align: left;\">Gemeinsam schaffen wir ein Umfeld, das auf Vertrauen und Zusammenarbeit beruht und damit den Grundstein f\u00fcr unseren gemeinsamen Erfolg legt.<\/p>\n[\/vc_column_text][\/vc_column][\/vc_row][vc_row fullwidth=&#8220;yes&#8220; top_margin=&#8220;0&#8243; bottom_margin=&#8220;-60&#8243; background_color=&#8220;#FFFFFF&#8220; el_class=&#8220;FA-aligncenter&#8220; css=&#8220;.vc_custom_1731051934180{margin-top: -30px !important;}&#8220;][vc_column][vc_column_text css=&#8220;&#8220;]\n<h2>Bereit f\u00fcr den n\u00e4chsten Schritt?<\/h2>\n[\/vc_column_text][vc_column_text css=&#8220;.vc_custom_1732617239527{margin-top: -15px !important;}&#8220;]\n<p>Informieren Sie sich auf unserer Karriereseite \u00fcber spannende M\u00f6glichkeiten und die Arbeit bei uns.<br \/>\nStarten Sie Ihre Reise mit uns \u2013 besuchen Sie Identity-job.de!<\/p>\n[\/vc_column_text][vc_column_text css=&#8220;&#8220;]\n<p><a href=\"https:\/\/www.identity-job.de\/\" target=\"_blank\" rel=\"noopener\"><button class=\"ButtonBeratung aligncenter\">Ihre Karriere bei uns starten<\/button><\/a><\/p>\n[\/vc_column_text][\/vc_column][\/vc_row]\n<\/div>","protected":false},"excerpt":{"rendered":"<p>[vc_row top_margin=&#8220;0&#8243; bottom_margin=&#8220;0&#8243; el_class=&#8220;FA-aligncenter&#8220;][vc_column][vc_column_text css=&#8220;&#8220; el_class=&#8220;pcenter&#8220;] Karriere [\/vc_column_text][\/vc_column][vc_column][vc_column_text css=&#8220;&#8220; el_class=&#8220;pcenter&#8220;] Wir legen gro\u00dfen Wert auf ein offenes und kreatives Arbeitsumfeld. [&hellip;]<\/p>\n","protected":false},"author":19,"featured_media":0,"parent":0,"menu_order":0,"comment_status":"open","ping_status":"closed","template":"","meta":{"_monsterinsights_skip_tracking":false,"_monsterinsights_sitenote_active":false,"_monsterinsights_sitenote_note":"","_monsterinsights_sitenote_category":0,"footnotes":""},"class_list":["post-11237","page","type-page","status-publish","hentry"],"yoast_head":"<!-- This site is optimized with the Yoast SEO plugin v27.2 - https:\/\/yoast.com\/product\/yoast-seo-wordpress\/ -->\n<title>Karriere - Jobangebote - Bewerben Sie sich bei der FirstAttribute AG<\/title>\n<meta name=\"description\" content=\"Karriere - Jobangebote - Offenes und kreatives Arbeitsumfeld - Mitwirkung und Vertrauen - FirstAttribute AG - Kommen Sie in unser Team!\" \/>\n<meta name=\"robots\" content=\"index, follow, max-snippet:-1, max-image-preview:large, max-video-preview:-1\" \/>\n<link rel=\"canonical\" href=\"https:\/\/www.firstattribute.com\/de\/karriere\/\" \/>\n<meta property=\"og:locale\" content=\"de_DE\" \/>\n<meta property=\"og:type\" content=\"article\" \/>\n<meta property=\"og:title\" content=\"Karriere - Jobangebote - Bewerben Sie sich bei der FirstAttribute AG\" \/>\n<meta property=\"og:description\" content=\"Karriere - Jobangebote - Offenes und kreatives Arbeitsumfeld - Mitwirkung und Vertrauen - FirstAttribute AG - Kommen Sie in unser Team!\" \/>\n<meta property=\"og:url\" content=\"https:\/\/www.firstattribute.com\/de\/karriere\/\" \/>\n<meta property=\"og:site_name\" content=\"FirstAttribute AG\" \/>\n<meta property=\"article:modified_time\" content=\"2024-12-10T12:03:28+00:00\" \/>\n<meta property=\"og:image\" content=\"https:\/\/www.firstattribute.com\/wp-content\/uploads\/2024\/11\/20240516_085552-scaled-e1731051902929.jpg\" \/>\n<meta name=\"twitter:label1\" content=\"Gesch\u00e4tzte Lesezeit\" \/>\n\t<meta name=\"twitter:data1\" content=\"1\u00a0Minute\" \/>\n<script type=\"application\/ld+json\" class=\"yoast-schema-graph\">{\"@context\":\"https:\/\/schema.org\",\"@graph\":[{\"@type\":\"WebPage\",\"@id\":\"https:\/\/www.firstattribute.com\/de\/karriere\/\",\"url\":\"https:\/\/www.firstattribute.com\/de\/karriere\/\",\"name\":\"Karriere - Jobangebote - Bewerben Sie sich bei der FirstAttribute AG\",\"isPartOf\":{\"@id\":\"https:\/\/www.firstattribute.com\/de\/#website\"},\"primaryImageOfPage\":{\"@id\":\"https:\/\/www.firstattribute.com\/de\/karriere\/#primaryimage\"},\"image\":{\"@id\":\"https:\/\/www.firstattribute.com\/de\/karriere\/#primaryimage\"},\"thumbnailUrl\":\"https:\/\/www.firstattribute.com\/wp-content\/uploads\/2024\/11\/20240516_085552-scaled-e1731051902929.jpg\",\"datePublished\":\"2018-09-12T12:02:21+00:00\",\"dateModified\":\"2024-12-10T12:03:28+00:00\",\"description\":\"Karriere - Jobangebote - Offenes und kreatives Arbeitsumfeld - Mitwirkung und Vertrauen - FirstAttribute AG - Kommen Sie in unser Team!\",\"breadcrumb\":{\"@id\":\"https:\/\/www.firstattribute.com\/de\/karriere\/#breadcrumb\"},\"inLanguage\":\"de\",\"potentialAction\":[{\"@type\":\"ReadAction\",\"target\":[\"https:\/\/www.firstattribute.com\/de\/karriere\/\"]}]},{\"@type\":\"ImageObject\",\"inLanguage\":\"de\",\"@id\":\"https:\/\/www.firstattribute.com\/de\/karriere\/#primaryimage\",\"url\":\"https:\/\/www.firstattribute.com\/wp-content\/uploads\/2024\/11\/20240516_085552-scaled-e1731051902929.jpg\",\"contentUrl\":\"https:\/\/www.firstattribute.com\/wp-content\/uploads\/2024\/11\/20240516_085552-scaled-e1731051902929.jpg\"},{\"@type\":\"BreadcrumbList\",\"@id\":\"https:\/\/www.firstattribute.com\/de\/karriere\/#breadcrumb\",\"itemListElement\":[{\"@type\":\"ListItem\",\"position\":1,\"name\":\"Startseite\",\"item\":\"https:\/\/www.firstattribute.com\/de\/\"},{\"@type\":\"ListItem\",\"position\":2,\"name\":\"Karriere\"}]},{\"@type\":\"WebSite\",\"@id\":\"https:\/\/www.firstattribute.com\/de\/#website\",\"url\":\"https:\/\/www.firstattribute.com\/de\/\",\"name\":\"FirstAttribute AG\",\"description\":\"IAM Software &amp; Cloud Services\",\"publisher\":{\"@id\":\"https:\/\/www.firstattribute.com\/de\/#organization\"},\"potentialAction\":[{\"@type\":\"SearchAction\",\"target\":{\"@type\":\"EntryPoint\",\"urlTemplate\":\"https:\/\/www.firstattribute.com\/de\/?s={search_term_string}\"},\"query-input\":{\"@type\":\"PropertyValueSpecification\",\"valueRequired\":true,\"valueName\":\"search_term_string\"}}],\"inLanguage\":\"de\"},{\"@type\":\"Organization\",\"@id\":\"https:\/\/www.firstattribute.com\/de\/#organization\",\"name\":\"FirstAttribute AG\",\"url\":\"https:\/\/www.firstattribute.com\/de\/\",\"logo\":{\"@type\":\"ImageObject\",\"inLanguage\":\"de\",\"@id\":\"https:\/\/www.firstattribute.com\/de\/#\/schema\/logo\/image\/\",\"url\":\"https:\/\/www.firstattribute.com\/wp-content\/uploads\/2021\/01\/FIRSTATTRIBUTE-Logo2013-final-700x145px.png\",\"contentUrl\":\"https:\/\/www.firstattribute.com\/wp-content\/uploads\/2021\/01\/FIRSTATTRIBUTE-Logo2013-final-700x145px.png\",\"width\":700,\"height\":145,\"caption\":\"FirstAttribute AG\"},\"image\":{\"@id\":\"https:\/\/www.firstattribute.com\/de\/#\/schema\/logo\/image\/\"}}]}<\/script>\n<!-- \/ Yoast SEO plugin. -->","yoast_head_json":{"title":"Karriere - Jobangebote - Bewerben Sie sich bei der FirstAttribute AG","description":"Karriere - Jobangebote - Offenes und kreatives Arbeitsumfeld - Mitwirkung und Vertrauen - FirstAttribute AG - Kommen Sie in unser Team!","robots":{"index":"index","follow":"follow","max-snippet":"max-snippet:-1","max-image-preview":"max-image-preview:large","max-video-preview":"max-video-preview:-1"},"canonical":"https:\/\/www.firstattribute.com\/de\/karriere\/","og_locale":"de_DE","og_type":"article","og_title":"Karriere - Jobangebote - Bewerben Sie sich bei der FirstAttribute AG","og_description":"Karriere - Jobangebote - Offenes und kreatives Arbeitsumfeld - Mitwirkung und Vertrauen - FirstAttribute AG - Kommen Sie in unser Team!","og_url":"https:\/\/www.firstattribute.com\/de\/karriere\/","og_site_name":"FirstAttribute AG","article_modified_time":"2024-12-10T12:03:28+00:00","og_image":[{"url":"https:\/\/www.firstattribute.com\/wp-content\/uploads\/2024\/11\/20240516_085552-scaled-e1731051902929.jpg","type":"","width":"","height":""}],"twitter_misc":{"Gesch\u00e4tzte Lesezeit":"1\u00a0Minute"},"schema":{"@context":"https:\/\/schema.org","@graph":[{"@type":"WebPage","@id":"https:\/\/www.firstattribute.com\/de\/karriere\/","url":"https:\/\/www.firstattribute.com\/de\/karriere\/","name":"Karriere - Jobangebote - Bewerben Sie sich bei der FirstAttribute AG","isPartOf":{"@id":"https:\/\/www.firstattribute.com\/de\/#website"},"primaryImageOfPage":{"@id":"https:\/\/www.firstattribute.com\/de\/karriere\/#primaryimage"},"image":{"@id":"https:\/\/www.firstattribute.com\/de\/karriere\/#primaryimage"},"thumbnailUrl":"https:\/\/www.firstattribute.com\/wp-content\/uploads\/2024\/11\/20240516_085552-scaled-e1731051902929.jpg","datePublished":"2018-09-12T12:02:21+00:00","dateModified":"2024-12-10T12:03:28+00:00","description":"Karriere - Jobangebote - Offenes und kreatives Arbeitsumfeld - Mitwirkung und Vertrauen - FirstAttribute AG - Kommen Sie in unser Team!","breadcrumb":{"@id":"https:\/\/www.firstattribute.com\/de\/karriere\/#breadcrumb"},"inLanguage":"de","potentialAction":[{"@type":"ReadAction","target":["https:\/\/www.firstattribute.com\/de\/karriere\/"]}]},{"@type":"ImageObject","inLanguage":"de","@id":"https:\/\/www.firstattribute.com\/de\/karriere\/#primaryimage","url":"https:\/\/www.firstattribute.com\/wp-content\/uploads\/2024\/11\/20240516_085552-scaled-e1731051902929.jpg","contentUrl":"https:\/\/www.firstattribute.com\/wp-content\/uploads\/2024\/11\/20240516_085552-scaled-e1731051902929.jpg"},{"@type":"BreadcrumbList","@id":"https:\/\/www.firstattribute.com\/de\/karriere\/#breadcrumb","itemListElement":[{"@type":"ListItem","position":1,"name":"Startseite","item":"https:\/\/www.firstattribute.com\/de\/"},{"@type":"ListItem","position":2,"name":"Karriere"}]},{"@type":"WebSite","@id":"https:\/\/www.firstattribute.com\/de\/#website","url":"https:\/\/www.firstattribute.com\/de\/","name":"FirstAttribute AG","description":"IAM Software &amp; Cloud Services","publisher":{"@id":"https:\/\/www.firstattribute.com\/de\/#organization"},"potentialAction":[{"@type":"SearchAction","target":{"@type":"EntryPoint","urlTemplate":"https:\/\/www.firstattribute.com\/de\/?s={search_term_string}"},"query-input":{"@type":"PropertyValueSpecification","valueRequired":true,"valueName":"search_term_string"}}],"inLanguage":"de"},{"@type":"Organization","@id":"https:\/\/www.firstattribute.com\/de\/#organization","name":"FirstAttribute AG","url":"https:\/\/www.firstattribute.com\/de\/","logo":{"@type":"ImageObject","inLanguage":"de","@id":"https:\/\/www.firstattribute.com\/de\/#\/schema\/logo\/image\/","url":"https:\/\/www.firstattribute.com\/wp-content\/uploads\/2021\/01\/FIRSTATTRIBUTE-Logo2013-final-700x145px.png","contentUrl":"https:\/\/www.firstattribute.com\/wp-content\/uploads\/2021\/01\/FIRSTATTRIBUTE-Logo2013-final-700x145px.png","width":700,"height":145,"caption":"FirstAttribute AG"},"image":{"@id":"https:\/\/www.firstattribute.com\/de\/#\/schema\/logo\/image\/"}}]}},"_links":{"self":[{"href":"https:\/\/www.firstattribute.com\/de\/wp-json\/wp\/v2\/pages\/11237","targetHints":{"allow":["GET"]}}],"collection":[{"href":"https:\/\/www.firstattribute.com\/de\/wp-json\/wp\/v2\/pages"}],"about":[{"href":"https:\/\/www.firstattribute.com\/de\/wp-json\/wp\/v2\/types\/page"}],"author":[{"embeddable":true,"href":"https:\/\/www.firstattribute.com\/de\/wp-json\/wp\/v2\/users\/19"}],"replies":[{"embeddable":true,"href":"https:\/\/www.firstattribute.com\/de\/wp-json\/wp\/v2\/comments?post=11237"}],"version-history":[{"count":16,"href":"https:\/\/www.firstattribute.com\/de\/wp-json\/wp\/v2\/pages\/11237\/revisions"}],"predecessor-version":[{"id":39628,"href":"https:\/\/www.firstattribute.com\/de\/wp-json\/wp\/v2\/pages\/11237\/revisions\/39628"}],"wp:attachment":[{"href":"https:\/\/www.firstattribute.com\/de\/wp-json\/wp\/v2\/media?parent=11237"}],"curies":[{"name":"wp","href":"https:\/\/api.w.org\/{rel}","templated":true}]}}