{"id":13371,"date":"2019-03-15T12:10:25","date_gmt":"2019-03-15T11:10:25","guid":{"rendered":"https:\/\/staging.dev.firstattribute.com\/?page_id=13371"},"modified":"2025-10-07T14:29:05","modified_gmt":"2025-10-07T12:29:05","slug":"impressum","status":"publish","type":"page","link":"https:\/\/www.firstattribute.com\/de\/impressum\/","title":{"rendered":"Impressum"},"content":{"rendered":"<div class=\"wpb-content-wrapper\">[vc_row][vc_column][vc_column_text css=&#8220;&#8220; el_class=&#8220;alignleft&#8220;]\n<div class=\"company-kontakt\">\n<p>&nbsp;<\/p>\n<p><a href=\"https:\/\/www.firstattribute.com\/wp-content\/uploads\/2018\/03\/FIRSTATTRIBUTE-Logo2013-final.png\" data-rel=\"lightbox-image-0\" data-rl_title=\"\" data-rl_caption=\"\" title=\"\"><img decoding=\"async\" class=\"aligncenter wp-image-10431\" src=\"https:\/\/www.firstattribute.com\/wp-content\/uploads\/2018\/03\/FIRSTATTRIBUTE-Logo2013-final-300x62.png\" alt=\"FIRSTATTRIBUTE - Logo\" width=\"260\" height=\"54\" \/><\/a><\/p>\n<div class=\"company-kontakt\">\n<hr width=\"50%\" \/>\n<p style=\"text-align: center;\">Entwicklung, Ver\u00f6ffentlichung, Copyright durch:<\/p>\n<p>&nbsp;<\/p>\n<p style=\"font-size: 1.2em; text-align: center;\"><strong>FirstAttribute AG<\/strong><\/p>\n<p>&nbsp;<\/p>\n<p style=\"text-align: center;\">Am B\u00fcchele 18<br \/>\n86928 Hofstetten<\/p>\n<p>&nbsp;<\/p>\n<p style=\"text-align: center;\">Telefon: +49 81 969 984 330<\/p>\n<p>&nbsp;<\/p>\n<p style=\"text-align: center;\"><a href=\"mailto:info@firstattribute.com\">info (at) firstattribute.com<\/a><br \/>\n<a title=\"FirstAttribute\" href=\"https:\/\/www.firstattribute.com\/\">staging.firstattribute.com<\/a><\/p>\n<p style=\"text-align: center;\">&#8212;<\/p>\n<p style=\"text-align: center;\"><strong>Vorstand:<br \/>\n<\/strong>Andreas Martin<\/p>\n<p>&nbsp;<\/p>\n<p style=\"text-align: center;\"><strong>Aufsichtsrat:<br \/>\n<\/strong>Thomas Pietz (Vorsitzender)<\/p>\n<p>&nbsp;<\/p>\n<p style=\"text-align: center;\"><strong>Handelsregisternummer:<br \/>\n<\/strong>HRB 31511 Amtsgericht Augsburg<br \/>\nUst-IdNr: DE213979707<\/p>\n<p>&nbsp;<\/p>\n<p style=\"text-align: center;\">&#8212;<\/p>\n<p>&nbsp;<\/p>\n<p style=\"font-size: 1.2em; text-align: center;\">Haftungshinweis, Copyright &amp; Disclaimer<\/p>\n<\/div>\n<\/div>\n[\/vc_column_text][vc_column_text el_class=&#8220;alignleft&#8220;]\n<div class=\"company-kontakt\">\n<p>&nbsp;<\/p>\n<p style=\"text-align: left;\"><strong>Haftungshinweis<\/strong><\/p>\n<p>&nbsp;<\/p>\n<p style=\"text-align: left;\">Trotz sorgf\u00e4ltiger inhaltlicher Kontrolle \u00fcbernehmen wir keine Haftung f\u00fcr die Inhalte externer Links. F\u00fcr den Inhalt der verlinkten Seiten sind ausschlie\u00dflich deren Betreiber verantwortlich.<\/p>\n<p>&nbsp;<\/p>\n<p style=\"text-align: left;\"><strong>Copyright<\/strong><\/p>\n<p>&nbsp;<\/p>\n<p style=\"text-align: left;\">Das Copyright f\u00fcr ver\u00f6ffentlichte, von FirstAttribute und deren Mitarbeiter selbst erstellte Objekte bleibt allein beim Autor der Seiten. Eine Vervielf\u00e4ltigung oder Verwendung solcher Grafiken und Texte in anderen elektronischen oder gedruckten Publikationen ist ohne ausdr\u00fcckliche Zustimmung des Autors nicht gestattet.<\/p>\n<p>&nbsp;<\/p>\n<p style=\"text-align: left;\"><strong>Disclaimer<\/strong><\/p>\n<p>&nbsp;<\/p>\n<p style=\"text-align: left;\">Alle innerhalb dieser Webseite genannten Marken- und Warenzeichen unterliegen uneingeschr\u00e4nkt den Bestimmungen des jeweils g\u00fcltigen Kennzeichnungsrechtes und gegebenenfalls den Besitzrechten der jeweiligen eingetragenen Eigent\u00fcmer.<\/p>\n<p style=\"text-align: left;\">FirstAttribute hat die Angaben zu Produkten und Dienstleistungen auf dieser Webseite sorgf\u00e4ltig gepr\u00fcft, kann aber keine Gew\u00e4hrleistung f\u00fcr ihre Richtigkeit, ihre Vollst\u00e4ndigkeit oder ihre Eignung f\u00fcr bestimmte Verwendungszwecke \u00fcbernehmen. Jegliche Haftung f\u00fcr Sch\u00e4den, die aus der Benutzung dieser Webseite entstehen, ist ausgeschlossen, soweit FirstAttribute nicht Vorsatz oder grobe Fahrl\u00e4ssigkeit zur Last f\u00e4llt. FirstAttribute beh\u00e4lt sich vor, die Inhalte jederzeit ohne weitere Vorank\u00fcndigungen zu \u00e4ndern oder ganz oder teilweise zu entfernen. Dieser Vorbehalt bezieht sich auch auf die in der Webseite beschriebenen Produkte, Leistungen und Preise. FirstAttribute ist nicht verpflichtet, die Inhalte der Webseite auf einem aktuellen Stand zu halten.<\/p>\n<\/div>\n[\/vc_column_text][\/vc_column][\/vc_row][vc_row][vc_column][vc_column_text]\n[\/vc_column_text][\/vc_column][\/vc_row]\n<\/div>","protected":false},"excerpt":{"rendered":"<p>[vc_row][vc_column][vc_column_text css=&#8220;&#8220; el_class=&#8220;alignleft&#8220;] &nbsp; Entwicklung, Ver\u00f6ffentlichung, Copyright durch: &nbsp; FirstAttribute AG &nbsp; Am B\u00fcchele 18 86928 Hofstetten &nbsp; Telefon: +49 [&hellip;]<\/p>\n","protected":false},"author":20,"featured_media":0,"parent":0,"menu_order":0,"comment_status":"closed","ping_status":"closed","template":"","meta":{"_monsterinsights_skip_tracking":false,"_monsterinsights_sitenote_active":false,"_monsterinsights_sitenote_note":"","_monsterinsights_sitenote_category":0,"footnotes":""},"class_list":["post-13371","page","type-page","status-publish","hentry"],"yoast_head":"<!-- This site is optimized with the Yoast SEO plugin v27.2 - https:\/\/yoast.com\/product\/yoast-seo-wordpress\/ -->\n<title>Impressum - FirstAttribute AG<\/title>\n<meta name=\"description\" content=\"FirstAttribute Impressum\" \/>\n<meta name=\"robots\" content=\"index, follow, max-snippet:-1, max-image-preview:large, max-video-preview:-1\" \/>\n<link rel=\"canonical\" href=\"https:\/\/www.firstattribute.com\/de\/impressum\/\" \/>\n<meta property=\"og:locale\" content=\"de_DE\" \/>\n<meta property=\"og:type\" content=\"article\" \/>\n<meta property=\"og:title\" content=\"Impressum - FirstAttribute AG\" \/>\n<meta property=\"og:description\" content=\"FirstAttribute Impressum\" \/>\n<meta property=\"og:url\" content=\"https:\/\/www.firstattribute.com\/de\/impressum\/\" \/>\n<meta property=\"og:site_name\" content=\"FirstAttribute AG\" \/>\n<meta property=\"article:modified_time\" content=\"2025-10-07T12:29:05+00:00\" \/>\n<meta name=\"twitter:label1\" content=\"Gesch\u00e4tzte Lesezeit\" \/>\n\t<meta name=\"twitter:data1\" content=\"2\u00a0Minuten\" \/>\n<script type=\"application\/ld+json\" class=\"yoast-schema-graph\">{\"@context\":\"https:\/\/schema.org\",\"@graph\":[{\"@type\":\"WebPage\",\"@id\":\"https:\/\/www.firstattribute.com\/de\/impressum\/\",\"url\":\"https:\/\/www.firstattribute.com\/de\/impressum\/\",\"name\":\"Impressum - FirstAttribute AG\",\"isPartOf\":{\"@id\":\"https:\/\/www.firstattribute.com\/de\/#website\"},\"primaryImageOfPage\":{\"@id\":\"https:\/\/www.firstattribute.com\/de\/impressum\/#primaryimage\"},\"image\":{\"@id\":\"https:\/\/www.firstattribute.com\/de\/impressum\/#primaryimage\"},\"thumbnailUrl\":\"https:\/\/www.firstattribute.com\/wp-content\/uploads\/2018\/03\/FIRSTATTRIBUTE-Logo2013-final-300x62.png\",\"datePublished\":\"2019-03-15T11:10:25+00:00\",\"dateModified\":\"2025-10-07T12:29:05+00:00\",\"description\":\"FirstAttribute Impressum\",\"breadcrumb\":{\"@id\":\"https:\/\/www.firstattribute.com\/de\/impressum\/#breadcrumb\"},\"inLanguage\":\"de\",\"potentialAction\":[{\"@type\":\"ReadAction\",\"target\":[\"https:\/\/www.firstattribute.com\/de\/impressum\/\"]}]},{\"@type\":\"ImageObject\",\"inLanguage\":\"de\",\"@id\":\"https:\/\/www.firstattribute.com\/de\/impressum\/#primaryimage\",\"url\":\"https:\/\/www.firstattribute.com\/wp-content\/uploads\/2018\/03\/FIRSTATTRIBUTE-Logo2013-final-300x62.png\",\"contentUrl\":\"https:\/\/www.firstattribute.com\/wp-content\/uploads\/2018\/03\/FIRSTATTRIBUTE-Logo2013-final-300x62.png\"},{\"@type\":\"BreadcrumbList\",\"@id\":\"https:\/\/www.firstattribute.com\/de\/impressum\/#breadcrumb\",\"itemListElement\":[{\"@type\":\"ListItem\",\"position\":1,\"name\":\"Startseite\",\"item\":\"https:\/\/www.firstattribute.com\/de\/\"},{\"@type\":\"ListItem\",\"position\":2,\"name\":\"Impressum\"}]},{\"@type\":\"WebSite\",\"@id\":\"https:\/\/www.firstattribute.com\/de\/#website\",\"url\":\"https:\/\/www.firstattribute.com\/de\/\",\"name\":\"FirstAttribute AG\",\"description\":\"IAM Software &amp; Cloud Services\",\"publisher\":{\"@id\":\"https:\/\/www.firstattribute.com\/de\/#organization\"},\"potentialAction\":[{\"@type\":\"SearchAction\",\"target\":{\"@type\":\"EntryPoint\",\"urlTemplate\":\"https:\/\/www.firstattribute.com\/de\/?s={search_term_string}\"},\"query-input\":{\"@type\":\"PropertyValueSpecification\",\"valueRequired\":true,\"valueName\":\"search_term_string\"}}],\"inLanguage\":\"de\"},{\"@type\":\"Organization\",\"@id\":\"https:\/\/www.firstattribute.com\/de\/#organization\",\"name\":\"FirstAttribute AG\",\"url\":\"https:\/\/www.firstattribute.com\/de\/\",\"logo\":{\"@type\":\"ImageObject\",\"inLanguage\":\"de\",\"@id\":\"https:\/\/www.firstattribute.com\/de\/#\/schema\/logo\/image\/\",\"url\":\"https:\/\/www.firstattribute.com\/wp-content\/uploads\/2021\/01\/FIRSTATTRIBUTE-Logo2013-final-700x145px.png\",\"contentUrl\":\"https:\/\/www.firstattribute.com\/wp-content\/uploads\/2021\/01\/FIRSTATTRIBUTE-Logo2013-final-700x145px.png\",\"width\":700,\"height\":145,\"caption\":\"FirstAttribute AG\"},\"image\":{\"@id\":\"https:\/\/www.firstattribute.com\/de\/#\/schema\/logo\/image\/\"}}]}<\/script>\n<!-- \/ Yoast SEO plugin. -->","yoast_head_json":{"title":"Impressum - FirstAttribute AG","description":"FirstAttribute Impressum","robots":{"index":"index","follow":"follow","max-snippet":"max-snippet:-1","max-image-preview":"max-image-preview:large","max-video-preview":"max-video-preview:-1"},"canonical":"https:\/\/www.firstattribute.com\/de\/impressum\/","og_locale":"de_DE","og_type":"article","og_title":"Impressum - FirstAttribute AG","og_description":"FirstAttribute Impressum","og_url":"https:\/\/www.firstattribute.com\/de\/impressum\/","og_site_name":"FirstAttribute AG","article_modified_time":"2025-10-07T12:29:05+00:00","twitter_misc":{"Gesch\u00e4tzte Lesezeit":"2\u00a0Minuten"},"schema":{"@context":"https:\/\/schema.org","@graph":[{"@type":"WebPage","@id":"https:\/\/www.firstattribute.com\/de\/impressum\/","url":"https:\/\/www.firstattribute.com\/de\/impressum\/","name":"Impressum - FirstAttribute AG","isPartOf":{"@id":"https:\/\/www.firstattribute.com\/de\/#website"},"primaryImageOfPage":{"@id":"https:\/\/www.firstattribute.com\/de\/impressum\/#primaryimage"},"image":{"@id":"https:\/\/www.firstattribute.com\/de\/impressum\/#primaryimage"},"thumbnailUrl":"https:\/\/www.firstattribute.com\/wp-content\/uploads\/2018\/03\/FIRSTATTRIBUTE-Logo2013-final-300x62.png","datePublished":"2019-03-15T11:10:25+00:00","dateModified":"2025-10-07T12:29:05+00:00","description":"FirstAttribute Impressum","breadcrumb":{"@id":"https:\/\/www.firstattribute.com\/de\/impressum\/#breadcrumb"},"inLanguage":"de","potentialAction":[{"@type":"ReadAction","target":["https:\/\/www.firstattribute.com\/de\/impressum\/"]}]},{"@type":"ImageObject","inLanguage":"de","@id":"https:\/\/www.firstattribute.com\/de\/impressum\/#primaryimage","url":"https:\/\/www.firstattribute.com\/wp-content\/uploads\/2018\/03\/FIRSTATTRIBUTE-Logo2013-final-300x62.png","contentUrl":"https:\/\/www.firstattribute.com\/wp-content\/uploads\/2018\/03\/FIRSTATTRIBUTE-Logo2013-final-300x62.png"},{"@type":"BreadcrumbList","@id":"https:\/\/www.firstattribute.com\/de\/impressum\/#breadcrumb","itemListElement":[{"@type":"ListItem","position":1,"name":"Startseite","item":"https:\/\/www.firstattribute.com\/de\/"},{"@type":"ListItem","position":2,"name":"Impressum"}]},{"@type":"WebSite","@id":"https:\/\/www.firstattribute.com\/de\/#website","url":"https:\/\/www.firstattribute.com\/de\/","name":"FirstAttribute AG","description":"IAM Software &amp; Cloud Services","publisher":{"@id":"https:\/\/www.firstattribute.com\/de\/#organization"},"potentialAction":[{"@type":"SearchAction","target":{"@type":"EntryPoint","urlTemplate":"https:\/\/www.firstattribute.com\/de\/?s={search_term_string}"},"query-input":{"@type":"PropertyValueSpecification","valueRequired":true,"valueName":"search_term_string"}}],"inLanguage":"de"},{"@type":"Organization","@id":"https:\/\/www.firstattribute.com\/de\/#organization","name":"FirstAttribute AG","url":"https:\/\/www.firstattribute.com\/de\/","logo":{"@type":"ImageObject","inLanguage":"de","@id":"https:\/\/www.firstattribute.com\/de\/#\/schema\/logo\/image\/","url":"https:\/\/www.firstattribute.com\/wp-content\/uploads\/2021\/01\/FIRSTATTRIBUTE-Logo2013-final-700x145px.png","contentUrl":"https:\/\/www.firstattribute.com\/wp-content\/uploads\/2021\/01\/FIRSTATTRIBUTE-Logo2013-final-700x145px.png","width":700,"height":145,"caption":"FirstAttribute AG"},"image":{"@id":"https:\/\/www.firstattribute.com\/de\/#\/schema\/logo\/image\/"}}]}},"_links":{"self":[{"href":"https:\/\/www.firstattribute.com\/de\/wp-json\/wp\/v2\/pages\/13371","targetHints":{"allow":["GET"]}}],"collection":[{"href":"https:\/\/www.firstattribute.com\/de\/wp-json\/wp\/v2\/pages"}],"about":[{"href":"https:\/\/www.firstattribute.com\/de\/wp-json\/wp\/v2\/types\/page"}],"author":[{"embeddable":true,"href":"https:\/\/www.firstattribute.com\/de\/wp-json\/wp\/v2\/users\/20"}],"replies":[{"embeddable":true,"href":"https:\/\/www.firstattribute.com\/de\/wp-json\/wp\/v2\/comments?post=13371"}],"version-history":[{"count":2,"href":"https:\/\/www.firstattribute.com\/de\/wp-json\/wp\/v2\/pages\/13371\/revisions"}],"predecessor-version":[{"id":40025,"href":"https:\/\/www.firstattribute.com\/de\/wp-json\/wp\/v2\/pages\/13371\/revisions\/40025"}],"wp:attachment":[{"href":"https:\/\/www.firstattribute.com\/de\/wp-json\/wp\/v2\/media?parent=13371"}],"curies":[{"name":"wp","href":"https:\/\/api.w.org\/{rel}","templated":true}]}}