{"id":15418,"date":"2019-05-20T13:44:26","date_gmt":"2019-05-20T13:44:26","guid":{"rendered":"https:\/\/staging.dev.firstattribute.com\/?page_id=15418"},"modified":"2024-12-16T15:58:06","modified_gmt":"2024-12-16T14:58:06","slug":"entwicklungszentrum","status":"publish","type":"page","link":"https:\/\/www.firstattribute.com\/de\/entwicklungszentrum\/","title":{"rendered":"Software-Entwicklungszentrum"},"content":{"rendered":"<div class=\"wpb-content-wrapper\">[vc_row top_margin=&#8220;0&#8243; bottom_margin=&#8220;0&#8243; el_class=&#8220;FA-aligncenter&#8220;][vc_column][vc_column_text el_class=&#8220;pcenter&#8220;]\n<h1>Software-Entwicklungszentrum<\/h1>\n<p><span style=\"font-size: 18pt;\">FirstAttribute Services GmbH<\/span>[\/vc_column_text][vc_column_text css=&#8220;&#8220;]\n<p>Die FirstAttribute Services GmbH f\u00fchrt Software- und Serviceleistungen im Auftrag der <a href=\"https:\/\/www.firstattribute.com\/\" target=\"_blank\" rel=\"noopener noreferrer\">FirstAttribute AG<\/a> durch.<\/p>\n<p>Schwerpunkt liegt auf der Entwicklung und kontinuierlichen Verbesserung der Software-L\u00f6sungen <a href=\"https:\/\/my-iam.com\/de\/\" target=\"_blank\" rel=\"noopener\">my-IAM<\/a>, <a href=\"https:\/\/www.firstware.com\/de\/\">FirstWare IDM-Portal<\/a>, <a href=\"https:\/\/www.dynamicgroup.net\/de\/\">DynamicGroup\u00a0<\/a>und weiterer Spezialanwendungen.<\/p>\n[\/vc_column_text][\/vc_column][\/vc_row][vc_row][vc_column width=&#8220;1\/2&#8243;][vc_column_text]F\u00f6rderung durch EU und Freitstaat Sachsen[\/vc_column_text][vc_column_text css=&#8220;&#8220;]\n<p>Die Europ\u00e4ische Union unterst\u00fctzt die technologische Weiterentwicklung von FirstAttribute mit Mitteln des Europ\u00e4ischen Sozialfonds.<\/p>\n<p>Aktuell erfolgt eine F\u00f6rderung zur Sicherung von Fach- und F\u00fchrungskr\u00e4ften.<\/p>\n[\/vc_column_text][\/vc_column][vc_column width=&#8220;1\/2&#8243;][vc_column_text]<a href=\"https:\/\/www.firstattribute.com\/wp-content\/uploads\/2019\/05\/SMWA_EFRE-ESF_Sachsen_Logokombi_hoch_03_rdax_514x238.jpg\" data-rel=\"lightbox-image-0\" data-rl_title=\"\" data-rl_caption=\"\" title=\"\"><img decoding=\"async\" class=\"alignnone wp-image-15420 size-full\" src=\"https:\/\/www.firstattribute.com\/wp-content\/uploads\/2019\/05\/SMWA_EFRE-ESF_Sachsen_Logokombi_hoch_03_rdax_514x238.jpg\" alt=\"\" width=\"514\" height=\"238\" \/><\/a>[\/vc_column_text][\/vc_column][\/vc_row]\n<\/div>","protected":false},"excerpt":{"rendered":"<p>[vc_row top_margin=&#8220;0&#8243; bottom_margin=&#8220;0&#8243; el_class=&#8220;FA-aligncenter&#8220;][vc_column][vc_column_text el_class=&#8220;pcenter&#8220;] Software-Entwicklungszentrum FirstAttribute Services GmbH[\/vc_column_text][vc_column_text css=&#8220;&#8220;] Die FirstAttribute Services GmbH f\u00fchrt Software- und Serviceleistungen im Auftrag [&hellip;]<\/p>\n","protected":false},"author":19,"featured_media":0,"parent":0,"menu_order":0,"comment_status":"closed","ping_status":"closed","template":"","meta":{"_monsterinsights_skip_tracking":false,"_monsterinsights_sitenote_active":false,"_monsterinsights_sitenote_note":"","_monsterinsights_sitenote_category":0,"footnotes":""},"class_list":["post-15418","page","type-page","status-publish","hentry"],"yoast_head":"<!-- This site is optimized with the Yoast SEO plugin v27.2 - https:\/\/yoast.com\/product\/yoast-seo-wordpress\/ -->\n<title>Software-Entwicklungszentrum - FirstAttribute AG<\/title>\n<meta name=\"robots\" content=\"index, follow, max-snippet:-1, max-image-preview:large, max-video-preview:-1\" \/>\n<link rel=\"canonical\" href=\"https:\/\/www.firstattribute.com\/de\/entwicklungszentrum\/\" \/>\n<meta property=\"og:locale\" content=\"de_DE\" \/>\n<meta property=\"og:type\" content=\"article\" \/>\n<meta property=\"og:title\" content=\"Software-Entwicklungszentrum - FirstAttribute AG\" \/>\n<meta property=\"og:description\" content=\"[vc_row top_margin=&#8220;0&#8243; bottom_margin=&#8220;0&#8243; el_class=&#8220;FA-aligncenter&#8220;][vc_column][vc_column_text el_class=&#8220;pcenter&#8220;] Software-Entwicklungszentrum FirstAttribute Services GmbH[\/vc_column_text][vc_column_text css=&#8220;&#8220;] Die FirstAttribute Services GmbH f\u00fchrt Software- und Serviceleistungen im Auftrag [&hellip;]\" \/>\n<meta property=\"og:url\" content=\"https:\/\/www.firstattribute.com\/de\/entwicklungszentrum\/\" \/>\n<meta property=\"og:site_name\" content=\"FirstAttribute AG\" \/>\n<meta property=\"article:modified_time\" content=\"2024-12-16T14:58:06+00:00\" \/>\n<meta property=\"og:image\" content=\"https:\/\/www.firstattribute.com\/wp-content\/uploads\/2019\/05\/SMWA_EFRE-ESF_Sachsen_Logokombi_hoch_03_rdax_514x238.jpg\" \/>\n<meta name=\"twitter:label1\" content=\"Gesch\u00e4tzte Lesezeit\" \/>\n\t<meta name=\"twitter:data1\" content=\"1\u00a0Minute\" \/>\n<script type=\"application\/ld+json\" class=\"yoast-schema-graph\">{\"@context\":\"https:\/\/schema.org\",\"@graph\":[{\"@type\":\"WebPage\",\"@id\":\"https:\/\/www.firstattribute.com\/de\/entwicklungszentrum\/\",\"url\":\"https:\/\/www.firstattribute.com\/de\/entwicklungszentrum\/\",\"name\":\"Software-Entwicklungszentrum - FirstAttribute AG\",\"isPartOf\":{\"@id\":\"https:\/\/www.firstattribute.com\/de\/#website\"},\"primaryImageOfPage\":{\"@id\":\"https:\/\/www.firstattribute.com\/de\/entwicklungszentrum\/#primaryimage\"},\"image\":{\"@id\":\"https:\/\/www.firstattribute.com\/de\/entwicklungszentrum\/#primaryimage\"},\"thumbnailUrl\":\"https:\/\/www.firstattribute.com\/wp-content\/uploads\/2019\/05\/SMWA_EFRE-ESF_Sachsen_Logokombi_hoch_03_rdax_514x238.jpg\",\"datePublished\":\"2019-05-20T13:44:26+00:00\",\"dateModified\":\"2024-12-16T14:58:06+00:00\",\"breadcrumb\":{\"@id\":\"https:\/\/www.firstattribute.com\/de\/entwicklungszentrum\/#breadcrumb\"},\"inLanguage\":\"de\",\"potentialAction\":[{\"@type\":\"ReadAction\",\"target\":[\"https:\/\/www.firstattribute.com\/de\/entwicklungszentrum\/\"]}]},{\"@type\":\"ImageObject\",\"inLanguage\":\"de\",\"@id\":\"https:\/\/www.firstattribute.com\/de\/entwicklungszentrum\/#primaryimage\",\"url\":\"https:\/\/www.firstattribute.com\/wp-content\/uploads\/2019\/05\/SMWA_EFRE-ESF_Sachsen_Logokombi_hoch_03_rdax_514x238.jpg\",\"contentUrl\":\"https:\/\/www.firstattribute.com\/wp-content\/uploads\/2019\/05\/SMWA_EFRE-ESF_Sachsen_Logokombi_hoch_03_rdax_514x238.jpg\"},{\"@type\":\"BreadcrumbList\",\"@id\":\"https:\/\/www.firstattribute.com\/de\/entwicklungszentrum\/#breadcrumb\",\"itemListElement\":[{\"@type\":\"ListItem\",\"position\":1,\"name\":\"Startseite\",\"item\":\"https:\/\/www.firstattribute.com\/de\/\"},{\"@type\":\"ListItem\",\"position\":2,\"name\":\"Software-Entwicklungszentrum\"}]},{\"@type\":\"WebSite\",\"@id\":\"https:\/\/www.firstattribute.com\/de\/#website\",\"url\":\"https:\/\/www.firstattribute.com\/de\/\",\"name\":\"FirstAttribute AG\",\"description\":\"IAM Software &amp; Cloud Services\",\"publisher\":{\"@id\":\"https:\/\/www.firstattribute.com\/de\/#organization\"},\"potentialAction\":[{\"@type\":\"SearchAction\",\"target\":{\"@type\":\"EntryPoint\",\"urlTemplate\":\"https:\/\/www.firstattribute.com\/de\/?s={search_term_string}\"},\"query-input\":{\"@type\":\"PropertyValueSpecification\",\"valueRequired\":true,\"valueName\":\"search_term_string\"}}],\"inLanguage\":\"de\"},{\"@type\":\"Organization\",\"@id\":\"https:\/\/www.firstattribute.com\/de\/#organization\",\"name\":\"FirstAttribute AG\",\"url\":\"https:\/\/www.firstattribute.com\/de\/\",\"logo\":{\"@type\":\"ImageObject\",\"inLanguage\":\"de\",\"@id\":\"https:\/\/www.firstattribute.com\/de\/#\/schema\/logo\/image\/\",\"url\":\"https:\/\/www.firstattribute.com\/wp-content\/uploads\/2021\/01\/FIRSTATTRIBUTE-Logo2013-final-700x145px.png\",\"contentUrl\":\"https:\/\/www.firstattribute.com\/wp-content\/uploads\/2021\/01\/FIRSTATTRIBUTE-Logo2013-final-700x145px.png\",\"width\":700,\"height\":145,\"caption\":\"FirstAttribute AG\"},\"image\":{\"@id\":\"https:\/\/www.firstattribute.com\/de\/#\/schema\/logo\/image\/\"}}]}<\/script>\n<!-- \/ Yoast SEO plugin. -->","yoast_head_json":{"title":"Software-Entwicklungszentrum - FirstAttribute AG","robots":{"index":"index","follow":"follow","max-snippet":"max-snippet:-1","max-image-preview":"max-image-preview:large","max-video-preview":"max-video-preview:-1"},"canonical":"https:\/\/www.firstattribute.com\/de\/entwicklungszentrum\/","og_locale":"de_DE","og_type":"article","og_title":"Software-Entwicklungszentrum - FirstAttribute AG","og_description":"[vc_row top_margin=&#8220;0&#8243; bottom_margin=&#8220;0&#8243; el_class=&#8220;FA-aligncenter&#8220;][vc_column][vc_column_text el_class=&#8220;pcenter&#8220;] Software-Entwicklungszentrum FirstAttribute Services GmbH[\/vc_column_text][vc_column_text css=&#8220;&#8220;] Die FirstAttribute Services GmbH f\u00fchrt Software- und Serviceleistungen im Auftrag [&hellip;]","og_url":"https:\/\/www.firstattribute.com\/de\/entwicklungszentrum\/","og_site_name":"FirstAttribute AG","article_modified_time":"2024-12-16T14:58:06+00:00","og_image":[{"url":"https:\/\/www.firstattribute.com\/wp-content\/uploads\/2019\/05\/SMWA_EFRE-ESF_Sachsen_Logokombi_hoch_03_rdax_514x238.jpg","type":"","width":"","height":""}],"twitter_misc":{"Gesch\u00e4tzte Lesezeit":"1\u00a0Minute"},"schema":{"@context":"https:\/\/schema.org","@graph":[{"@type":"WebPage","@id":"https:\/\/www.firstattribute.com\/de\/entwicklungszentrum\/","url":"https:\/\/www.firstattribute.com\/de\/entwicklungszentrum\/","name":"Software-Entwicklungszentrum - FirstAttribute AG","isPartOf":{"@id":"https:\/\/www.firstattribute.com\/de\/#website"},"primaryImageOfPage":{"@id":"https:\/\/www.firstattribute.com\/de\/entwicklungszentrum\/#primaryimage"},"image":{"@id":"https:\/\/www.firstattribute.com\/de\/entwicklungszentrum\/#primaryimage"},"thumbnailUrl":"https:\/\/www.firstattribute.com\/wp-content\/uploads\/2019\/05\/SMWA_EFRE-ESF_Sachsen_Logokombi_hoch_03_rdax_514x238.jpg","datePublished":"2019-05-20T13:44:26+00:00","dateModified":"2024-12-16T14:58:06+00:00","breadcrumb":{"@id":"https:\/\/www.firstattribute.com\/de\/entwicklungszentrum\/#breadcrumb"},"inLanguage":"de","potentialAction":[{"@type":"ReadAction","target":["https:\/\/www.firstattribute.com\/de\/entwicklungszentrum\/"]}]},{"@type":"ImageObject","inLanguage":"de","@id":"https:\/\/www.firstattribute.com\/de\/entwicklungszentrum\/#primaryimage","url":"https:\/\/www.firstattribute.com\/wp-content\/uploads\/2019\/05\/SMWA_EFRE-ESF_Sachsen_Logokombi_hoch_03_rdax_514x238.jpg","contentUrl":"https:\/\/www.firstattribute.com\/wp-content\/uploads\/2019\/05\/SMWA_EFRE-ESF_Sachsen_Logokombi_hoch_03_rdax_514x238.jpg"},{"@type":"BreadcrumbList","@id":"https:\/\/www.firstattribute.com\/de\/entwicklungszentrum\/#breadcrumb","itemListElement":[{"@type":"ListItem","position":1,"name":"Startseite","item":"https:\/\/www.firstattribute.com\/de\/"},{"@type":"ListItem","position":2,"name":"Software-Entwicklungszentrum"}]},{"@type":"WebSite","@id":"https:\/\/www.firstattribute.com\/de\/#website","url":"https:\/\/www.firstattribute.com\/de\/","name":"FirstAttribute AG","description":"IAM Software &amp; Cloud Services","publisher":{"@id":"https:\/\/www.firstattribute.com\/de\/#organization"},"potentialAction":[{"@type":"SearchAction","target":{"@type":"EntryPoint","urlTemplate":"https:\/\/www.firstattribute.com\/de\/?s={search_term_string}"},"query-input":{"@type":"PropertyValueSpecification","valueRequired":true,"valueName":"search_term_string"}}],"inLanguage":"de"},{"@type":"Organization","@id":"https:\/\/www.firstattribute.com\/de\/#organization","name":"FirstAttribute AG","url":"https:\/\/www.firstattribute.com\/de\/","logo":{"@type":"ImageObject","inLanguage":"de","@id":"https:\/\/www.firstattribute.com\/de\/#\/schema\/logo\/image\/","url":"https:\/\/www.firstattribute.com\/wp-content\/uploads\/2021\/01\/FIRSTATTRIBUTE-Logo2013-final-700x145px.png","contentUrl":"https:\/\/www.firstattribute.com\/wp-content\/uploads\/2021\/01\/FIRSTATTRIBUTE-Logo2013-final-700x145px.png","width":700,"height":145,"caption":"FirstAttribute AG"},"image":{"@id":"https:\/\/www.firstattribute.com\/de\/#\/schema\/logo\/image\/"}}]}},"_links":{"self":[{"href":"https:\/\/www.firstattribute.com\/de\/wp-json\/wp\/v2\/pages\/15418","targetHints":{"allow":["GET"]}}],"collection":[{"href":"https:\/\/www.firstattribute.com\/de\/wp-json\/wp\/v2\/pages"}],"about":[{"href":"https:\/\/www.firstattribute.com\/de\/wp-json\/wp\/v2\/types\/page"}],"author":[{"embeddable":true,"href":"https:\/\/www.firstattribute.com\/de\/wp-json\/wp\/v2\/users\/19"}],"replies":[{"embeddable":true,"href":"https:\/\/www.firstattribute.com\/de\/wp-json\/wp\/v2\/comments?post=15418"}],"version-history":[{"count":2,"href":"https:\/\/www.firstattribute.com\/de\/wp-json\/wp\/v2\/pages\/15418\/revisions"}],"predecessor-version":[{"id":39686,"href":"https:\/\/www.firstattribute.com\/de\/wp-json\/wp\/v2\/pages\/15418\/revisions\/39686"}],"wp:attachment":[{"href":"https:\/\/www.firstattribute.com\/de\/wp-json\/wp\/v2\/media?parent=15418"}],"curies":[{"name":"wp","href":"https:\/\/api.w.org\/{rel}","templated":true}]}}