{"id":17852,"date":"2020-06-16T08:07:20","date_gmt":"2020-06-16T08:07:20","guid":{"rendered":"https:\/\/www.firstattribute.com\/?page_id=17852"},"modified":"2021-03-25T16:12:51","modified_gmt":"2021-03-25T15:12:51","slug":"schule-digital","status":"publish","type":"page","link":"https:\/\/www.firstattribute.com\/de\/schule-digital\/","title":{"rendered":"Schule Digital"},"content":{"rendered":"<div class=\"wpb-content-wrapper\">[vc_row top_margin=&#8220;0&#8243; bottom_margin=&#8220;0&#8243; el_class=&#8220;FA-aligncenter FA-image-max-width&#8220;][vc_column][vc_column_text el_class=&#8220;pcenter&#8220;]\n<h1>Info-Seminar Schule Digital<\/h1>\n<h2><span style=\"color: #ffaa00;\">Starten Sie \u2013 Digital \u2013 in das neue Schuljahr 20\/21<\/span><\/h2>\n<p>Mit dem DigitalPakt Schule hat der Bund f\u00fcr Sie die Weichen gestellt, digital durchzustarten.<br \/>\nWie von Frau Merkel am 04. Juni 2020 im Interview erw\u00e4hnt, besteht besonderer Handlungsbedarf im Bereich Systemadministration.<\/p>\n<p>&nbsp;<\/p>\n<p>Wir freuen uns Sie in unserem kostenlosen Info-Seminar kennenzulernen und gemeinsam Ihre W\u00fcnsche und Anforderungen an die IT zu besprechen. Anschlie\u00dfend w\u00fcrden wir Sie gerne auf Ihrem Weg ins technisch Neue entlasten und unterst\u00fctzen.<\/p>\n<p>&nbsp;<\/p>\n<p><img decoding=\"async\" class=\"size-full wp-image-17879 aligncenter\" src=\"https:\/\/www.firstattribute.com\/wp-content\/uploads\/2020\/06\/Schule-Digital-Service.jpg\" alt=\"Schule-Digital-Service\" width=\"1280\" height=\"853\" \/><\/p>\n[\/vc_column_text][\/vc_column][\/vc_row][vc_row top_margin=&#8220;0&#8243; bottom_margin=&#8220;0&#8243;][vc_column el_class=&#8220;template-h2-box&#8220;][vc_column_text el_class=&#8220;pleft&#8220; css=&#8220;.vc_custom_1592578993116{border-bottom-width: 2px !important;padding-bottom: 10px !important;border-bottom-color: #618bd4 !important;border-bottom-style: solid !important;}&#8220;]\n<h2 style=\"text-align: center;\"><span style=\"color: #ffaa00;\">Inhalte unseres interaktiven Seminars<\/span><\/h2>\n[\/vc_column_text][\/vc_column][\/vc_row][vc_row][vc_column][vc_column_text el_class=&#8220;FA-Aligncenter&#8220;]\n<ul class=\"featureList aligncenter\">\n<li class=\"tick\">Status Quo des digitalen Lehrens und Lernens<\/li>\n<li class=\"tick\">Herausforderungen der Digitalisierung in Schulen<\/li>\n<li class=\"tick\">Ihre Anforderungen an eine moderne IT-Administration<\/li>\n<li class=\"tick\">Digitalisierungsm\u00f6glichkeiten \u2013 so profitieren Sie vom Digitalpakt!<\/li>\n<li class=\"tick\">Datensicherheit nach DSGVO \u2013 was ist zu beachten?<\/li>\n<li class=\"tick\">L\u00f6sungsans\u00e4tze und -vorschl\u00e4ge f\u00fcr Ihre Herausforderungen<\/li>\n<\/ul>\n[\/vc_column_text][\/vc_column][\/vc_row][vc_row fullwidth=&#8220;yes&#8220; top_margin=&#8220;0&#8243; bottom_margin=&#8220;-60&#8243; background_color=&#8220;#eff5ff&#8220; el_class=&#8220;FA-aligncenter&#8220;][vc_column][vc_column_text css=&#8220;.vc_custom_1592382164396{padding-top: 40px !important;}&#8220;]\n<p><span style=\"font-size: 1.8em;\">Anmeldung zum Info-Seminar<br \/>\n<\/span><\/p>\n[\/vc_column_text][vc_column_text css=&#8220;.vc_custom_1592382097598{margin-top: -15px !important;}&#8220;]\n<p>Wir freuen uns Sie bei unserem Info-Seminar zum Thema Schule Digital zu begr\u00fc\u00dfen.<br \/>\nDie Teilnahme kann vor Ort oder als Online-Workshop erfolgen.<\/p>\n[\/vc_column_text]<div class=\"FA-button\"><a href=\"https:\/\/forms.office.com\/Pages\/ResponsePage.aspx?id=lT9AUReVpkSwfZZLympBhZOrd66mLAJLrzofZ64fluRUNkM0SlRTSVNaMlhFSUdXNTdRNFRBVk1YVC4u\" class=\"hb-button hb-default hb-default-button no-three-d\" target=\"_blank\" style=\"-webkit-border-radius: 2px;-moz-border-radius: 2px;border-radius: 2px;\">Zum Seminar anmelden<\/a><\/div>[vc_column_text css=&#8220;.vc_custom_1592382355327{padding-top: 25px !important;}&#8220;]\n<p>Sie haben vorab Fragen? Wir freuen uns auf Ihre <a href=\"https:\/\/www.firstattribute.com\/unternehmen\/kontakt\/\">Nachricht<\/a>.<\/p>\n[\/vc_column_text]<div class=\"shortcode-wrapper shortcode-spacer clearfix\"><div class=\"spacer\" style=\"height:20px;\"><\/div><\/div>[vc_column_text css=&#8220;.vc_custom_1592381173658{margin-top: -15px !important;}&#8220;]\n<p><span style=\"font-size: 10pt;\"><em>Grafik: kreatikar \/ pixabay.com<\/em><\/span><\/p>\n[\/vc_column_text][\/vc_column][\/vc_row]\n<\/div>","protected":false},"excerpt":{"rendered":"<p>[vc_row top_margin=&#8220;0&#8243; bottom_margin=&#8220;0&#8243; el_class=&#8220;FA-aligncenter FA-image-max-width&#8220;][vc_column][vc_column_text el_class=&#8220;pcenter&#8220;] Info-Seminar Schule Digital Starten Sie \u2013 Digital \u2013 in das neue Schuljahr 20\/21 Mit [&hellip;]<\/p>\n","protected":false},"author":19,"featured_media":0,"parent":0,"menu_order":0,"comment_status":"closed","ping_status":"closed","template":"","meta":{"_monsterinsights_skip_tracking":false,"_monsterinsights_sitenote_active":false,"_monsterinsights_sitenote_note":"","_monsterinsights_sitenote_category":0,"footnotes":""},"class_list":["post-17852","page","type-page","status-publish","hentry"],"yoast_head":"<!-- This site is optimized with the Yoast SEO plugin v27.5 - https:\/\/yoast.com\/product\/yoast-seo-wordpress\/ -->\n<title>Schule Digital - FirstAttribute AG<\/title>\n<meta name=\"description\" content=\"Info-Seminar zur digitalen Schultransformation. Wie profitieren Schulen vom DigitalPakt Schule? Wie von Systemadministration? Schule Digital \u2192 zur Anmeldung\" \/>\n<meta name=\"robots\" content=\"index, follow, max-snippet:-1, max-image-preview:large, max-video-preview:-1\" \/>\n<link rel=\"canonical\" href=\"https:\/\/www.firstattribute.com\/de\/schule-digital\/\" \/>\n<meta property=\"og:locale\" content=\"de_DE\" \/>\n<meta property=\"og:type\" content=\"article\" \/>\n<meta property=\"og:title\" content=\"Schule Digital - FirstAttribute AG\" \/>\n<meta property=\"og:description\" content=\"Info-Seminar zur digitalen Schultransformation. Wie profitieren Schulen vom DigitalPakt Schule? Wie von Systemadministration? Schule Digital \u2192 zur Anmeldung\" \/>\n<meta property=\"og:url\" content=\"https:\/\/www.firstattribute.com\/de\/schule-digital\/\" \/>\n<meta property=\"og:site_name\" content=\"FirstAttribute AG\" \/>\n<meta property=\"article:modified_time\" content=\"2021-03-25T15:12:51+00:00\" \/>\n<meta property=\"og:image\" content=\"https:\/\/www.firstattribute.com\/wp-content\/uploads\/2020\/06\/Schule-Digital-Service.jpg\" \/>\n<meta name=\"twitter:label1\" content=\"Gesch\u00e4tzte Lesezeit\" \/>\n\t<meta name=\"twitter:data1\" content=\"2\u00a0Minuten\" \/>\n<script type=\"application\/ld+json\" class=\"yoast-schema-graph\">{\"@context\":\"https:\\\/\\\/schema.org\",\"@graph\":[{\"@type\":\"WebPage\",\"@id\":\"https:\\\/\\\/www.firstattribute.com\\\/de\\\/schule-digital\\\/\",\"url\":\"https:\\\/\\\/www.firstattribute.com\\\/de\\\/schule-digital\\\/\",\"name\":\"Schule Digital - FirstAttribute AG\",\"isPartOf\":{\"@id\":\"https:\\\/\\\/www.firstattribute.com\\\/de\\\/#website\"},\"primaryImageOfPage\":{\"@id\":\"https:\\\/\\\/www.firstattribute.com\\\/de\\\/schule-digital\\\/#primaryimage\"},\"image\":{\"@id\":\"https:\\\/\\\/www.firstattribute.com\\\/de\\\/schule-digital\\\/#primaryimage\"},\"thumbnailUrl\":\"https:\\\/\\\/www.firstattribute.com\\\/wp-content\\\/uploads\\\/2020\\\/06\\\/Schule-Digital-Service.jpg\",\"datePublished\":\"2020-06-16T08:07:20+00:00\",\"dateModified\":\"2021-03-25T15:12:51+00:00\",\"description\":\"Info-Seminar zur digitalen Schultransformation. Wie profitieren Schulen vom DigitalPakt Schule? Wie von Systemadministration? Schule Digital \u2192 zur Anmeldung\",\"breadcrumb\":{\"@id\":\"https:\\\/\\\/www.firstattribute.com\\\/de\\\/schule-digital\\\/#breadcrumb\"},\"inLanguage\":\"de\",\"potentialAction\":[{\"@type\":\"ReadAction\",\"target\":[\"https:\\\/\\\/www.firstattribute.com\\\/de\\\/schule-digital\\\/\"]}]},{\"@type\":\"ImageObject\",\"inLanguage\":\"de\",\"@id\":\"https:\\\/\\\/www.firstattribute.com\\\/de\\\/schule-digital\\\/#primaryimage\",\"url\":\"https:\\\/\\\/www.firstattribute.com\\\/wp-content\\\/uploads\\\/2020\\\/06\\\/Schule-Digital-Service.jpg\",\"contentUrl\":\"https:\\\/\\\/www.firstattribute.com\\\/wp-content\\\/uploads\\\/2020\\\/06\\\/Schule-Digital-Service.jpg\"},{\"@type\":\"BreadcrumbList\",\"@id\":\"https:\\\/\\\/www.firstattribute.com\\\/de\\\/schule-digital\\\/#breadcrumb\",\"itemListElement\":[{\"@type\":\"ListItem\",\"position\":1,\"name\":\"Startseite\",\"item\":\"https:\\\/\\\/www.firstattribute.com\\\/de\\\/\"},{\"@type\":\"ListItem\",\"position\":2,\"name\":\"Schule Digital\"}]},{\"@type\":\"WebSite\",\"@id\":\"https:\\\/\\\/www.firstattribute.com\\\/de\\\/#website\",\"url\":\"https:\\\/\\\/www.firstattribute.com\\\/de\\\/\",\"name\":\"FirstAttribute AG\",\"description\":\"IAM Software &amp; Cloud Services\",\"publisher\":{\"@id\":\"https:\\\/\\\/www.firstattribute.com\\\/de\\\/#organization\"},\"potentialAction\":[{\"@type\":\"SearchAction\",\"target\":{\"@type\":\"EntryPoint\",\"urlTemplate\":\"https:\\\/\\\/www.firstattribute.com\\\/de\\\/?s={search_term_string}\"},\"query-input\":{\"@type\":\"PropertyValueSpecification\",\"valueRequired\":true,\"valueName\":\"search_term_string\"}}],\"inLanguage\":\"de\"},{\"@type\":\"Organization\",\"@id\":\"https:\\\/\\\/www.firstattribute.com\\\/de\\\/#organization\",\"name\":\"FirstAttribute AG\",\"url\":\"https:\\\/\\\/www.firstattribute.com\\\/de\\\/\",\"logo\":{\"@type\":\"ImageObject\",\"inLanguage\":\"de\",\"@id\":\"https:\\\/\\\/www.firstattribute.com\\\/de\\\/#\\\/schema\\\/logo\\\/image\\\/\",\"url\":\"https:\\\/\\\/www.firstattribute.com\\\/wp-content\\\/uploads\\\/2021\\\/01\\\/FIRSTATTRIBUTE-Logo2013-final-700x145px.png\",\"contentUrl\":\"https:\\\/\\\/www.firstattribute.com\\\/wp-content\\\/uploads\\\/2021\\\/01\\\/FIRSTATTRIBUTE-Logo2013-final-700x145px.png\",\"width\":700,\"height\":145,\"caption\":\"FirstAttribute AG\"},\"image\":{\"@id\":\"https:\\\/\\\/www.firstattribute.com\\\/de\\\/#\\\/schema\\\/logo\\\/image\\\/\"}}]}<\/script>\n<!-- \/ Yoast SEO plugin. -->","yoast_head_json":{"title":"Schule Digital - FirstAttribute AG","description":"Info-Seminar zur digitalen Schultransformation. Wie profitieren Schulen vom DigitalPakt Schule? Wie von Systemadministration? Schule Digital \u2192 zur Anmeldung","robots":{"index":"index","follow":"follow","max-snippet":"max-snippet:-1","max-image-preview":"max-image-preview:large","max-video-preview":"max-video-preview:-1"},"canonical":"https:\/\/www.firstattribute.com\/de\/schule-digital\/","og_locale":"de_DE","og_type":"article","og_title":"Schule Digital - FirstAttribute AG","og_description":"Info-Seminar zur digitalen Schultransformation. Wie profitieren Schulen vom DigitalPakt Schule? Wie von Systemadministration? Schule Digital \u2192 zur Anmeldung","og_url":"https:\/\/www.firstattribute.com\/de\/schule-digital\/","og_site_name":"FirstAttribute AG","article_modified_time":"2021-03-25T15:12:51+00:00","og_image":[{"url":"https:\/\/www.firstattribute.com\/wp-content\/uploads\/2020\/06\/Schule-Digital-Service.jpg","type":"","width":"","height":""}],"twitter_misc":{"Gesch\u00e4tzte Lesezeit":"2\u00a0Minuten"},"schema":{"@context":"https:\/\/schema.org","@graph":[{"@type":"WebPage","@id":"https:\/\/www.firstattribute.com\/de\/schule-digital\/","url":"https:\/\/www.firstattribute.com\/de\/schule-digital\/","name":"Schule Digital - FirstAttribute AG","isPartOf":{"@id":"https:\/\/www.firstattribute.com\/de\/#website"},"primaryImageOfPage":{"@id":"https:\/\/www.firstattribute.com\/de\/schule-digital\/#primaryimage"},"image":{"@id":"https:\/\/www.firstattribute.com\/de\/schule-digital\/#primaryimage"},"thumbnailUrl":"https:\/\/www.firstattribute.com\/wp-content\/uploads\/2020\/06\/Schule-Digital-Service.jpg","datePublished":"2020-06-16T08:07:20+00:00","dateModified":"2021-03-25T15:12:51+00:00","description":"Info-Seminar zur digitalen Schultransformation. Wie profitieren Schulen vom DigitalPakt Schule? Wie von Systemadministration? Schule Digital \u2192 zur Anmeldung","breadcrumb":{"@id":"https:\/\/www.firstattribute.com\/de\/schule-digital\/#breadcrumb"},"inLanguage":"de","potentialAction":[{"@type":"ReadAction","target":["https:\/\/www.firstattribute.com\/de\/schule-digital\/"]}]},{"@type":"ImageObject","inLanguage":"de","@id":"https:\/\/www.firstattribute.com\/de\/schule-digital\/#primaryimage","url":"https:\/\/www.firstattribute.com\/wp-content\/uploads\/2020\/06\/Schule-Digital-Service.jpg","contentUrl":"https:\/\/www.firstattribute.com\/wp-content\/uploads\/2020\/06\/Schule-Digital-Service.jpg"},{"@type":"BreadcrumbList","@id":"https:\/\/www.firstattribute.com\/de\/schule-digital\/#breadcrumb","itemListElement":[{"@type":"ListItem","position":1,"name":"Startseite","item":"https:\/\/www.firstattribute.com\/de\/"},{"@type":"ListItem","position":2,"name":"Schule Digital"}]},{"@type":"WebSite","@id":"https:\/\/www.firstattribute.com\/de\/#website","url":"https:\/\/www.firstattribute.com\/de\/","name":"FirstAttribute AG","description":"IAM Software &amp; Cloud Services","publisher":{"@id":"https:\/\/www.firstattribute.com\/de\/#organization"},"potentialAction":[{"@type":"SearchAction","target":{"@type":"EntryPoint","urlTemplate":"https:\/\/www.firstattribute.com\/de\/?s={search_term_string}"},"query-input":{"@type":"PropertyValueSpecification","valueRequired":true,"valueName":"search_term_string"}}],"inLanguage":"de"},{"@type":"Organization","@id":"https:\/\/www.firstattribute.com\/de\/#organization","name":"FirstAttribute AG","url":"https:\/\/www.firstattribute.com\/de\/","logo":{"@type":"ImageObject","inLanguage":"de","@id":"https:\/\/www.firstattribute.com\/de\/#\/schema\/logo\/image\/","url":"https:\/\/www.firstattribute.com\/wp-content\/uploads\/2021\/01\/FIRSTATTRIBUTE-Logo2013-final-700x145px.png","contentUrl":"https:\/\/www.firstattribute.com\/wp-content\/uploads\/2021\/01\/FIRSTATTRIBUTE-Logo2013-final-700x145px.png","width":700,"height":145,"caption":"FirstAttribute AG"},"image":{"@id":"https:\/\/www.firstattribute.com\/de\/#\/schema\/logo\/image\/"}}]}},"_links":{"self":[{"href":"https:\/\/www.firstattribute.com\/de\/wp-json\/wp\/v2\/pages\/17852","targetHints":{"allow":["GET"]}}],"collection":[{"href":"https:\/\/www.firstattribute.com\/de\/wp-json\/wp\/v2\/pages"}],"about":[{"href":"https:\/\/www.firstattribute.com\/de\/wp-json\/wp\/v2\/types\/page"}],"author":[{"embeddable":true,"href":"https:\/\/www.firstattribute.com\/de\/wp-json\/wp\/v2\/users\/19"}],"replies":[{"embeddable":true,"href":"https:\/\/www.firstattribute.com\/de\/wp-json\/wp\/v2\/comments?post=17852"}],"version-history":[{"count":0,"href":"https:\/\/www.firstattribute.com\/de\/wp-json\/wp\/v2\/pages\/17852\/revisions"}],"wp:attachment":[{"href":"https:\/\/www.firstattribute.com\/de\/wp-json\/wp\/v2\/media?parent=17852"}],"curies":[{"name":"wp","href":"https:\/\/api.w.org\/{rel}","templated":true}]}}