{"id":20142,"date":"2021-03-03T13:01:44","date_gmt":"2021-03-03T12:01:44","guid":{"rendered":"https:\/\/staging.dev.firstattribute.com\/?page_id=20142"},"modified":"2026-01-09T10:29:53","modified_gmt":"2026-01-09T09:29:53","slug":"partnerschaft","status":"publish","type":"page","link":"https:\/\/www.firstattribute.com\/de\/partnerschaft\/","title":{"rendered":"Partnerschaft"},"content":{"rendered":"<div class=\"wpb-content-wrapper\">[vc_row top_margin=&#8220;0&#8243; bottom_margin=&#8220;0&#8243; el_class=&#8220;FA-aligncenter&#8220;][vc_column][vc_column_text el_class=&#8220;pcenter&#8220;]\n<h1 style=\"text-align: center;\">Kooperation &amp; Partnerschaft<\/h1>\n[\/vc_column_text][\/vc_column][vc_column][vc_column_text css=&#8220;&#8220;]\n<p>Eine solide Partnerschaft mit IT-Unternehmen und Beratern ist Teil unserer Philosophie.<br \/>\nWir arbeiten mit verschiedenen Partnern zusammen, um f\u00fcr unsere Kunden optimale L\u00f6sungen zu finden.<\/p>\n[\/vc_column_text][\/vc_column][\/vc_row][vc_row fullwidth=&#8220;yes&#8220; bottom_margin=&#8220;0&#8243; background_color=&#8220;#EFF5FF&#8220;][vc_column][vc_column_text css=&#8220;.vc_custom_1614947802962{border-bottom-width: 2px !important;padding-bottom: 10px !important;border-bottom-color: #618bd4 !important;border-bottom-style: solid !important;}&#8220;]\n<h2 style=\"text-align: left;\">Kooperation mit IT-Unternehmen<\/h2>\n[\/vc_column_text][\/vc_column][\/vc_row][vc_row fullwidth=&#8220;yes&#8220; background_color=&#8220;#EFF5FF&#8220;][vc_column width=&#8220;1\/3&#8243; css=&#8220;.vc_custom_1615472252794{margin-right: 20px !important;}&#8220;][\/vc_column][vc_column width=&#8220;2\/3&#8243; css=&#8220;.vc_custom_1730813011046{margin-left: 0px !important;}&#8220;][vc_column_text]\n<h3>PROFI Engineering Systems AG<\/h3>\n[\/vc_column_text][\/vc_column][\/vc_row][vc_row fullwidth=&#8220;yes&#8220; background_color=&#8220;#EFF5FF&#8220;][vc_column width=&#8220;1\/3&#8243; css=&#8220;.vc_custom_1615472257841{margin-right: 15px !important;}&#8220;]<div class=\"shortcode-wrapper shortcode-spacer clearfix\"><div class=\"spacer\" style=\"height:25px;\"><\/div><\/div>[vc_column_text css=&#8220;&#8220;]\n<p><img decoding=\"async\" class=\"alignnone wp-image-39131 size-medium\" title=\"Partnerschaft mit PROFI AG\" src=\"https:\/\/www.firstattribute.com\/wp-content\/uploads\/2024\/11\/Partner-Profi-AG-300x77.png\" alt=\"Partnerschaft mit PROFI Engineering Systems AG\" width=\"300\" height=\"77\" srcset=\"https:\/\/www.firstattribute.com\/wp-content\/uploads\/2024\/11\/Partner-Profi-AG-300x77.png 300w, https:\/\/www.firstattribute.com\/wp-content\/uploads\/2024\/11\/Partner-Profi-AG-1024x263.png 1024w, https:\/\/www.firstattribute.com\/wp-content\/uploads\/2024\/11\/Partner-Profi-AG-768x197.png 768w, https:\/\/www.firstattribute.com\/wp-content\/uploads\/2024\/11\/Partner-Profi-AG.png 1376w\" sizes=\"(max-width: 300px) 100vw, 300px\" \/><\/p>\n[\/vc_column_text][\/vc_column][vc_column width=&#8220;2\/3&#8243; css=&#8220;.vc_custom_1615471949246{margin-left: 15px !important;}&#8220;][vc_column_text css=&#8220;&#8220;]\n<p>FirstAttribute arbeitet seit vielen Jahren mit der PROFI Engineering Systems AG zusammen. Die PROFI AG ist ein mittelst\u00e4ndisches Unternehmen mit \u00fcber 40 Jahren Erfahrung als IT-Dienstleister. Als Partner betreut die PROFI die Kunden der FirstAttribute im Raum Darmstadt.<\/p>\n[\/vc_column_text][\/vc_column][\/vc_row][vc_row fullwidth=&#8220;yes&#8220; background_color=&#8220;#EFF5FF&#8220;][vc_column css=&#8220;.vc_custom_1730813021732{margin-bottom: -30px !important;}&#8220;][vc_column_text css=&#8220;&#8220;]\n<h3>Code Assets GmbH<\/h3>\n[\/vc_column_text][\/vc_column][\/vc_row][vc_row fullwidth=&#8220;yes&#8220; background_color=&#8220;#EFF5FF&#8220;][vc_column width=&#8220;2\/3&#8243; css=&#8220;.vc_custom_1615471943783{margin-right: 15px !important;}&#8220;][vc_column_text css=&#8220;&#8220;]\n<div class=\"flex-shrink-0 flex flex-col relative items-end\">\n<div>\n<div class=\"pt-0\">\n<div class=\"gizmo-bot-avatar flex h-8 w-8 items-center justify-center overflow-hidden rounded-full\">\n<div class=\"relative p-1 rounded-sm flex items-center justify-center bg-token-main-surface-primary text-token-text-primary h-8 w-8\">\u00a0<\/div>\n<\/div>\n<\/div>\n<\/div>\n<\/div>\n<div class=\"group\/conversation-turn relative flex w-full min-w-0 flex-col agent-turn\">\n<div class=\"flex-col gap-1 md:gap-3\">\n<div class=\"flex max-w-full flex-col flex-grow\">\n<div class=\"min-h-8 text-message flex w-full flex-col items-end gap-2 whitespace-normal break-words [.text-message+&amp;]:mt-5\" dir=\"auto\" data-message-author-role=\"assistant\" data-message-id=\"52500f54-e5f6-499f-883d-6d7451cba65c\" data-message-model-slug=\"gpt-4o\">\n<div class=\"flex w-full flex-col gap-1 empty:hidden first:pt-[3px]\">\n<div class=\"markdown prose w-full break-words dark:prose-invert light\">\n<p>Die Code Assets GmbH ist ein junges, kreatives Unternehmen, das sich auf die Entwicklung von Softwarel\u00f6sungen im Bereich der digitalen Transformation spezialisiert hat. Sie unterst\u00fctzt die FirstAttribute mit ma\u00dfgeschneiderten Anwendungen f\u00fcr verschiedene Gesch\u00e4ftsbereiche, von der Prozessautomatisierung bis zur Optimierung des Kontakt- und Identit\u00e4tsmanagements.<\/p>\n<\/div>\n<\/div>\n<\/div>\n<\/div>\n<\/div>\n<\/div>\n[\/vc_column_text][\/vc_column][vc_column width=&#8220;1\/3&#8243; css=&#8220;.vc_custom_1615472245871{margin-left: 20px !important;}&#8220;]<div class=\"shortcode-wrapper shortcode-spacer clearfix\"><div class=\"spacer\" style=\"height:50px;\"><\/div><\/div>[vc_column_text css=&#8220;&#8220;]\n<p><img decoding=\"async\" class=\"alignnone wp-image-39133 size-medium\" title=\"Partnerschaft mit Code Assets\" src=\"https:\/\/www.firstattribute.com\/wp-content\/uploads\/2024\/11\/Partner-Code-Assets-GmbH-300x128.png\" alt=\"Partnerschaft mit Code Assets GmbH\" width=\"300\" height=\"128\" srcset=\"https:\/\/www.firstattribute.com\/wp-content\/uploads\/2024\/11\/Partner-Code-Assets-GmbH-300x128.png 300w, https:\/\/www.firstattribute.com\/wp-content\/uploads\/2024\/11\/Partner-Code-Assets-GmbH.png 424w\" sizes=\"(max-width: 300px) 100vw, 300px\" \/><\/p>\n[\/vc_column_text][\/vc_column][\/vc_row][vc_row fullwidth=&#8220;yes&#8220; bottom_margin=&#8220;0&#8243; background_color=&#8220;#FFFFFF&#8220; css=&#8220;.vc_custom_1730816479965{background-color: #FFFFFF !important;}&#8220;][vc_column][vc_column_text css=&#8220;.vc_custom_1730813968487{border-bottom-width: 2px !important;padding-bottom: 10px !important;border-bottom-style: solid !important;border-color: #618bd4 !important;}&#8220;]\n<h2 style=\"text-align: left;\">Reseller-Kooperation<\/h2>\n[\/vc_column_text][\/vc_column][\/vc_row][vc_row css=&#8220;.vc_custom_1730817098216{margin-top: -30px !important;}&#8220;][vc_column][vc_column_text css=&#8220;&#8220;]\n<p style=\"text-align: center;\"><img decoding=\"async\" class=\"alignnone wp-image-39135\" title=\"Reseller-Kooperation - FirstAttribute AG\" src=\"https:\/\/www.firstattribute.com\/wp-content\/uploads\/2024\/11\/Reseller-Kooperation-1024x562.jpg\" alt=\"Reseller-Kooperation - FirstAttribute AG\" width=\"800\" height=\"439\" srcset=\"https:\/\/www.firstattribute.com\/wp-content\/uploads\/2024\/11\/Reseller-Kooperation-1024x562.jpg 1024w, https:\/\/www.firstattribute.com\/wp-content\/uploads\/2024\/11\/Reseller-Kooperation-300x165.jpg 300w, https:\/\/www.firstattribute.com\/wp-content\/uploads\/2024\/11\/Reseller-Kooperation-768x421.jpg 768w, https:\/\/www.firstattribute.com\/wp-content\/uploads\/2024\/11\/Reseller-Kooperation-1536x843.jpg 1536w, https:\/\/www.firstattribute.com\/wp-content\/uploads\/2024\/11\/Reseller-Kooperation-2048x1124.jpg 2048w\" sizes=\"(max-width: 800px) 100vw, 800px\" \/><\/p>\n[\/vc_column_text][vc_column_text css=&#8220;&#8220; el_class=&#8220;FA-aligncenter&#8220;]\n<p>Unsere Reseller-Kooperation mit internationalen Partnern erm\u00f6glicht es uns, unsere L\u00f6sungen wie <a href=\"https:\/\/my-iam.com\/de\/peopleconnect\/\" target=\"_blank\" rel=\"noopener\">my-IAM People Connect<\/a> weltweit anzubieten und eine breite Kundenbasis zu erreichen. Durch die Zusammenarbeit profitieren Reseller von unserem Know-how im Bereich Identity &amp; Access Management und erhalten Zugang zu umfassenden Schulungen und technischem Support.<\/p>\n[\/vc_column_text][\/vc_column][\/vc_row][vc_row fullwidth=&#8220;yes&#8220; bottom_margin=&#8220;0&#8243; background_color=&#8220;#EFF5FF&#8220;][vc_column][vc_column_text css=&#8220;.vc_custom_1614946561213{border-bottom-width: 2px !important;padding-bottom: 10px !important;border-bottom-color: #618bd4 !important;border-bottom-style: solid !important;}&#8220;]\n<h2 style=\"text-align: left;\">Partnerschaft mit Technologieunternehmen<\/h2>\n[\/vc_column_text][\/vc_column][\/vc_row][vc_row fullwidth=&#8220;yes&#8220; background_color=&#8220;#EFF5FF&#8220; css=&#8220;.vc_custom_1732888695976{background-color: #EFF5FF !important;}&#8220;][vc_column width=&#8220;1\/2&#8243;][vc_column_text css=&#8220;&#8220;]\n<p style=\"text-align: center;\"><img decoding=\"async\" class=\"alignnone wp-image-39146 size-medium\" title=\"Microsoft Partner - FirstAttribute AG\" src=\"https:\/\/www.firstattribute.com\/wp-content\/uploads\/2024\/11\/FirstAttribute-Microsoft-Partner-300x196.png\" alt=\"Microsoft Partner - FirstAttribute AG\" width=\"300\" height=\"196\" srcset=\"https:\/\/www.firstattribute.com\/wp-content\/uploads\/2024\/11\/FirstAttribute-Microsoft-Partner-300x196.png 300w, https:\/\/www.firstattribute.com\/wp-content\/uploads\/2024\/11\/FirstAttribute-Microsoft-Partner-1024x667.png 1024w, https:\/\/www.firstattribute.com\/wp-content\/uploads\/2024\/11\/FirstAttribute-Microsoft-Partner-768x501.png 768w, https:\/\/www.firstattribute.com\/wp-content\/uploads\/2024\/11\/FirstAttribute-Microsoft-Partner-1536x1001.png 1536w, https:\/\/www.firstattribute.com\/wp-content\/uploads\/2024\/11\/FirstAttribute-Microsoft-Partner.png 1729w\" sizes=\"(max-width: 300px) 100vw, 300px\" \/><\/p>\n[\/vc_column_text][vc_column_text css=&#8220;&#8220; el_class=&#8220;FA-aligncenter&#8220;]\n<p>FirstAttribute ist Microsoft Partner und hat somit direkten Zugang zu Microsoft Ressourcen und Support.<\/p>\n[\/vc_column_text][\/vc_column][vc_column width=&#8220;1\/2&#8243;][vc_column_text css=&#8220;&#8220;]\n<p style=\"text-align: center;\"><img decoding=\"async\" class=\"alignnone wp-image-39148 size-medium\" title=\"Google Partner - FirstAttribute AG\" src=\"https:\/\/www.firstattribute.com\/wp-content\/uploads\/2024\/11\/FirstAttribute-Google-Partner-300x199.png\" alt=\"Google Partner - FirstAttribute AG\" width=\"300\" height=\"199\" srcset=\"https:\/\/www.firstattribute.com\/wp-content\/uploads\/2024\/11\/FirstAttribute-Google-Partner-300x199.png 300w, https:\/\/www.firstattribute.com\/wp-content\/uploads\/2024\/11\/FirstAttribute-Google-Partner-1024x679.png 1024w, https:\/\/www.firstattribute.com\/wp-content\/uploads\/2024\/11\/FirstAttribute-Google-Partner-768x509.png 768w, https:\/\/www.firstattribute.com\/wp-content\/uploads\/2024\/11\/FirstAttribute-Google-Partner-1536x1018.png 1536w, https:\/\/www.firstattribute.com\/wp-content\/uploads\/2024\/11\/FirstAttribute-Google-Partner.png 1584w\" sizes=\"(max-width: 300px) 100vw, 300px\" \/><\/p>\n[\/vc_column_text][vc_column_text css=&#8220;&#8220; el_class=&#8220;FA-aligncenter&#8220;]\n<p>FirstAttribute ist Google Partner und spezialisiert auf den Einsatz der G Suite und die Anbindung an Cloud Identity.<\/p>\n[\/vc_column_text][\/vc_column][\/vc_row][vc_row top_margin=&#8220;0&#8243; bottom_margin=&#8220;-60&#8243;][vc_column][vc_column_text css=&#8220;&#8220;]\n<h2 style=\"text-align: center;\">Kontakt<\/h2>\n<p class=\"absatz\" style=\"text-align: center;\">Sie erreichen uns unter<\/p>\n<p class=\"absatz\" style=\"color: #003a93; font-size: 1.2em; text-align: center;\"><a href=\"tel:+4981969984330\">+49 81 969 984 330<\/a><\/p>\n<p class=\"absatz\" style=\"text-align: center;\">oder \u00fcber unser<\/p>\n[\/vc_column_text][\/vc_column][vc_column width=&#8220;1\/6&#8243;][\/vc_column][vc_column width=&#8220;4\/6&#8243;][vc_column_text css=&#8220;&#8220; el_class=&#8220;FA-Aligncenter&#8220;]\n<p style=\"text-align: center;\"><a href=\"https:\/\/my-iam.com\/de\/\" target=\"_blank\" rel=\"noopener\"><button class=\"ButtonBeratung aligncenter\">Kontaktformular<\/button><\/a><\/p>\n[\/vc_column_text][\/vc_column][vc_column width=&#8220;1\/6&#8243;][\/vc_column][\/vc_row]\n<\/div>","protected":false},"excerpt":{"rendered":"<p>[vc_row top_margin=&#8220;0&#8243; bottom_margin=&#8220;0&#8243; el_class=&#8220;FA-aligncenter&#8220;][vc_column][vc_column_text el_class=&#8220;pcenter&#8220;] Kooperation &amp; Partnerschaft [\/vc_column_text][\/vc_column][vc_column][vc_column_text css=&#8220;&#8220;] Eine solide Partnerschaft mit IT-Unternehmen und Beratern ist Teil unserer [&hellip;]<\/p>\n","protected":false},"author":20,"featured_media":12168,"parent":0,"menu_order":0,"comment_status":"open","ping_status":"closed","template":"","meta":{"_monsterinsights_skip_tracking":false,"_monsterinsights_sitenote_active":false,"_monsterinsights_sitenote_note":"","_monsterinsights_sitenote_category":0,"footnotes":""},"class_list":["post-20142","page","type-page","status-publish","has-post-thumbnail","hentry"],"yoast_head":"<!-- This site is optimized with the Yoast SEO plugin v27.2 - https:\/\/yoast.com\/product\/yoast-seo-wordpress\/ -->\n<title>Partnerschaft - Gemeinsam schneller vorankommen - FirstAttribute AG<\/title>\n<meta name=\"description\" content=\"Partnerschaft mit der FirstAttribute AG | Microsoft &amp; Google Partner | 20 Jahre Erfahrung in Identity Management Software &amp; Services\" \/>\n<meta name=\"robots\" content=\"index, follow, max-snippet:-1, max-image-preview:large, max-video-preview:-1\" \/>\n<link rel=\"canonical\" href=\"https:\/\/www.firstattribute.com\/de\/partnerschaft\/\" \/>\n<meta property=\"og:locale\" content=\"de_DE\" \/>\n<meta property=\"og:type\" content=\"article\" \/>\n<meta property=\"og:title\" content=\"Partnerschaft - Gemeinsam schneller vorankommen - FirstAttribute AG\" \/>\n<meta property=\"og:description\" content=\"Partnerschaft mit der FirstAttribute AG | Microsoft &amp; Google Partner | 20 Jahre Erfahrung in Identity Management Software &amp; Services\" \/>\n<meta property=\"og:url\" content=\"https:\/\/www.firstattribute.com\/de\/partnerschaft\/\" \/>\n<meta property=\"og:site_name\" content=\"FirstAttribute AG\" \/>\n<meta property=\"article:modified_time\" content=\"2026-01-09T09:29:53+00:00\" \/>\n<meta name=\"twitter:label1\" content=\"Gesch\u00e4tzte Lesezeit\" \/>\n\t<meta name=\"twitter:data1\" content=\"3\u00a0Minuten\" \/>\n<script type=\"application\/ld+json\" class=\"yoast-schema-graph\">{\"@context\":\"https:\/\/schema.org\",\"@graph\":[{\"@type\":\"WebPage\",\"@id\":\"https:\/\/www.firstattribute.com\/de\/partnerschaft\/\",\"url\":\"https:\/\/www.firstattribute.com\/de\/partnerschaft\/\",\"name\":\"Partnerschaft - Gemeinsam schneller vorankommen - FirstAttribute AG\",\"isPartOf\":{\"@id\":\"https:\/\/www.firstattribute.com\/de\/#website\"},\"primaryImageOfPage\":{\"@id\":\"https:\/\/www.firstattribute.com\/de\/partnerschaft\/#primaryimage\"},\"image\":{\"@id\":\"https:\/\/www.firstattribute.com\/de\/partnerschaft\/#primaryimage\"},\"thumbnailUrl\":\"\",\"datePublished\":\"2021-03-03T12:01:44+00:00\",\"dateModified\":\"2026-01-09T09:29:53+00:00\",\"description\":\"Partnerschaft mit der FirstAttribute AG | Microsoft & Google Partner | 20 Jahre Erfahrung in Identity Management Software & Services\",\"breadcrumb\":{\"@id\":\"https:\/\/www.firstattribute.com\/de\/partnerschaft\/#breadcrumb\"},\"inLanguage\":\"de\",\"potentialAction\":[{\"@type\":\"ReadAction\",\"target\":[\"https:\/\/www.firstattribute.com\/de\/partnerschaft\/\"]}]},{\"@type\":\"ImageObject\",\"inLanguage\":\"de\",\"@id\":\"https:\/\/www.firstattribute.com\/de\/partnerschaft\/#primaryimage\",\"url\":\"\",\"contentUrl\":\"\"},{\"@type\":\"BreadcrumbList\",\"@id\":\"https:\/\/www.firstattribute.com\/de\/partnerschaft\/#breadcrumb\",\"itemListElement\":[{\"@type\":\"ListItem\",\"position\":1,\"name\":\"Startseite\",\"item\":\"https:\/\/www.firstattribute.com\/de\/\"},{\"@type\":\"ListItem\",\"position\":2,\"name\":\"Partnerschaft\"}]},{\"@type\":\"WebSite\",\"@id\":\"https:\/\/www.firstattribute.com\/de\/#website\",\"url\":\"https:\/\/www.firstattribute.com\/de\/\",\"name\":\"FirstAttribute AG\",\"description\":\"IAM Software &amp; Cloud Services\",\"publisher\":{\"@id\":\"https:\/\/www.firstattribute.com\/de\/#organization\"},\"potentialAction\":[{\"@type\":\"SearchAction\",\"target\":{\"@type\":\"EntryPoint\",\"urlTemplate\":\"https:\/\/www.firstattribute.com\/de\/?s={search_term_string}\"},\"query-input\":{\"@type\":\"PropertyValueSpecification\",\"valueRequired\":true,\"valueName\":\"search_term_string\"}}],\"inLanguage\":\"de\"},{\"@type\":\"Organization\",\"@id\":\"https:\/\/www.firstattribute.com\/de\/#organization\",\"name\":\"FirstAttribute AG\",\"url\":\"https:\/\/www.firstattribute.com\/de\/\",\"logo\":{\"@type\":\"ImageObject\",\"inLanguage\":\"de\",\"@id\":\"https:\/\/www.firstattribute.com\/de\/#\/schema\/logo\/image\/\",\"url\":\"https:\/\/www.firstattribute.com\/wp-content\/uploads\/2021\/01\/FIRSTATTRIBUTE-Logo2013-final-700x145px.png\",\"contentUrl\":\"https:\/\/www.firstattribute.com\/wp-content\/uploads\/2021\/01\/FIRSTATTRIBUTE-Logo2013-final-700x145px.png\",\"width\":700,\"height\":145,\"caption\":\"FirstAttribute AG\"},\"image\":{\"@id\":\"https:\/\/www.firstattribute.com\/de\/#\/schema\/logo\/image\/\"}}]}<\/script>\n<!-- \/ Yoast SEO plugin. -->","yoast_head_json":{"title":"Partnerschaft - Gemeinsam schneller vorankommen - FirstAttribute AG","description":"Partnerschaft mit der FirstAttribute AG | Microsoft & Google Partner | 20 Jahre Erfahrung in Identity Management Software & Services","robots":{"index":"index","follow":"follow","max-snippet":"max-snippet:-1","max-image-preview":"max-image-preview:large","max-video-preview":"max-video-preview:-1"},"canonical":"https:\/\/www.firstattribute.com\/de\/partnerschaft\/","og_locale":"de_DE","og_type":"article","og_title":"Partnerschaft - Gemeinsam schneller vorankommen - FirstAttribute AG","og_description":"Partnerschaft mit der FirstAttribute AG | Microsoft & Google Partner | 20 Jahre Erfahrung in Identity Management Software & Services","og_url":"https:\/\/www.firstattribute.com\/de\/partnerschaft\/","og_site_name":"FirstAttribute AG","article_modified_time":"2026-01-09T09:29:53+00:00","twitter_misc":{"Gesch\u00e4tzte Lesezeit":"3\u00a0Minuten"},"schema":{"@context":"https:\/\/schema.org","@graph":[{"@type":"WebPage","@id":"https:\/\/www.firstattribute.com\/de\/partnerschaft\/","url":"https:\/\/www.firstattribute.com\/de\/partnerschaft\/","name":"Partnerschaft - Gemeinsam schneller vorankommen - FirstAttribute AG","isPartOf":{"@id":"https:\/\/www.firstattribute.com\/de\/#website"},"primaryImageOfPage":{"@id":"https:\/\/www.firstattribute.com\/de\/partnerschaft\/#primaryimage"},"image":{"@id":"https:\/\/www.firstattribute.com\/de\/partnerschaft\/#primaryimage"},"thumbnailUrl":"","datePublished":"2021-03-03T12:01:44+00:00","dateModified":"2026-01-09T09:29:53+00:00","description":"Partnerschaft mit der FirstAttribute AG | Microsoft & Google Partner | 20 Jahre Erfahrung in Identity Management Software & Services","breadcrumb":{"@id":"https:\/\/www.firstattribute.com\/de\/partnerschaft\/#breadcrumb"},"inLanguage":"de","potentialAction":[{"@type":"ReadAction","target":["https:\/\/www.firstattribute.com\/de\/partnerschaft\/"]}]},{"@type":"ImageObject","inLanguage":"de","@id":"https:\/\/www.firstattribute.com\/de\/partnerschaft\/#primaryimage","url":"","contentUrl":""},{"@type":"BreadcrumbList","@id":"https:\/\/www.firstattribute.com\/de\/partnerschaft\/#breadcrumb","itemListElement":[{"@type":"ListItem","position":1,"name":"Startseite","item":"https:\/\/www.firstattribute.com\/de\/"},{"@type":"ListItem","position":2,"name":"Partnerschaft"}]},{"@type":"WebSite","@id":"https:\/\/www.firstattribute.com\/de\/#website","url":"https:\/\/www.firstattribute.com\/de\/","name":"FirstAttribute AG","description":"IAM Software &amp; Cloud Services","publisher":{"@id":"https:\/\/www.firstattribute.com\/de\/#organization"},"potentialAction":[{"@type":"SearchAction","target":{"@type":"EntryPoint","urlTemplate":"https:\/\/www.firstattribute.com\/de\/?s={search_term_string}"},"query-input":{"@type":"PropertyValueSpecification","valueRequired":true,"valueName":"search_term_string"}}],"inLanguage":"de"},{"@type":"Organization","@id":"https:\/\/www.firstattribute.com\/de\/#organization","name":"FirstAttribute AG","url":"https:\/\/www.firstattribute.com\/de\/","logo":{"@type":"ImageObject","inLanguage":"de","@id":"https:\/\/www.firstattribute.com\/de\/#\/schema\/logo\/image\/","url":"https:\/\/www.firstattribute.com\/wp-content\/uploads\/2021\/01\/FIRSTATTRIBUTE-Logo2013-final-700x145px.png","contentUrl":"https:\/\/www.firstattribute.com\/wp-content\/uploads\/2021\/01\/FIRSTATTRIBUTE-Logo2013-final-700x145px.png","width":700,"height":145,"caption":"FirstAttribute AG"},"image":{"@id":"https:\/\/www.firstattribute.com\/de\/#\/schema\/logo\/image\/"}}]}},"_links":{"self":[{"href":"https:\/\/www.firstattribute.com\/de\/wp-json\/wp\/v2\/pages\/20142","targetHints":{"allow":["GET"]}}],"collection":[{"href":"https:\/\/www.firstattribute.com\/de\/wp-json\/wp\/v2\/pages"}],"about":[{"href":"https:\/\/www.firstattribute.com\/de\/wp-json\/wp\/v2\/types\/page"}],"author":[{"embeddable":true,"href":"https:\/\/www.firstattribute.com\/de\/wp-json\/wp\/v2\/users\/20"}],"replies":[{"embeddable":true,"href":"https:\/\/www.firstattribute.com\/de\/wp-json\/wp\/v2\/comments?post=20142"}],"version-history":[{"count":16,"href":"https:\/\/www.firstattribute.com\/de\/wp-json\/wp\/v2\/pages\/20142\/revisions"}],"predecessor-version":[{"id":40251,"href":"https:\/\/www.firstattribute.com\/de\/wp-json\/wp\/v2\/pages\/20142\/revisions\/40251"}],"wp:featuredmedia":[{"embeddable":true,"href":"https:\/\/www.firstattribute.com\/de\/wp-json\/"}],"wp:attachment":[{"href":"https:\/\/www.firstattribute.com\/de\/wp-json\/wp\/v2\/media?parent=20142"}],"curies":[{"name":"wp","href":"https:\/\/api.w.org\/{rel}","templated":true}]}}