{"id":20144,"date":"2021-03-03T13:01:55","date_gmt":"2021-03-03T12:01:55","guid":{"rendered":"https:\/\/staging.dev.firstattribute.com\/?page_id=20144"},"modified":"2024-12-02T10:58:07","modified_gmt":"2024-12-02T09:58:07","slug":"unsere-kunden","status":"publish","type":"page","link":"https:\/\/www.firstattribute.com\/de\/unsere-kunden\/","title":{"rendered":"Unsere Kunden"},"content":{"rendered":"<div class=\"wpb-content-wrapper\">[vc_row top_margin=&#8220;0&#8243; bottom_margin=&#8220;0&#8243; el_class=&#8220;FA-aligncenter&#8220;][vc_column][vc_column_text el_class=&#8220;pcenter&#8220;]\n<h1 style=\"text-align: center;\">Unsere Kunden<\/h1>\n[\/vc_column_text][\/vc_column][vc_column][vc_column_text css=&#8220;&#8220; el_class=&#8220;pcenter&#8220;]\n<p style=\"text-align: center;\"><span style=\"font-weight: 400;\">Wir sind stolz auf langj\u00e4hrige gute Beziehungen zu unseren Kunden,<br \/>\ndie sich durch eine partnerschaftliche und faire Zusammenarbeit auszeichnen. <\/span><\/p>\n[\/vc_column_text][\/vc_column][\/vc_row][vc_row fullwidth=&#8220;yes&#8220; top_margin=&#8220;0&#8243; bottom_margin=&#8220;0&#8243; css=&#8220;.vc_custom_1730906154007{margin-bottom: -50px !important;}&#8220; background_color=&#8220;#EFF5FF&#8220;][vc_column][vc_column_text css=&#8220;.vc_custom_1733133444482{border-bottom-width: 2px !important;padding-bottom: 10px !important;border-bottom-style: solid !important;border-color: #618bd4 !important;}&#8220;]\n<h2>Mehr als 500.000 Nutzer weltweit<\/h2>\n[\/vc_column_text][\/vc_column][\/vc_row][vc_row fullwidth=&#8220;yes&#8220; top_margin=&#8220;20&#8243; bottom_margin=&#8220;0&#8243; css=&#8220;.vc_custom_1730906164563{padding-top: -40px !important;}&#8220; background_color=&#8220;#EFF5FF&#8220;][vc_column width=&#8220;1\/2&#8243;][vc_column_text css=&#8220;&#8220;]\n<p>Die FirstAttribute AG arbeitet weltweit mit Unternehmen unterschiedlichster Branchen und Gr\u00f6\u00dfen an.<\/p>\n<p>&nbsp;<\/p>\n<p>Unsere fortschrittlichen und anwendungsorientierten Tools unterst\u00fctzen heute \u00fcber 500.000 Anwender weltweit und tragen zur Effizienzsteigerung und Probleml\u00f6sung in zahlreichen Gesch\u00e4ftsprozessen bei.<\/p>\n[\/vc_column_text][\/vc_column][vc_column width=&#8220;1\/2&#8243;][vc_column_text css=&#8220;&#8220;]\n<p><a href=\"https:\/\/www.firstattribute.com\/wp-content\/uploads\/2024\/11\/Customers-2.png\" data-rel=\"lightbox-image-0\" data-rl_title=\"\" data-rl_caption=\"\"><img decoding=\"async\" class=\"alignnone wp-image-39138 size-full\" title=\"\" src=\"https:\/\/www.firstattribute.com\/wp-content\/uploads\/2024\/11\/Customers-2.png\" alt=\"\" width=\"1002\" height=\"512\" srcset=\"https:\/\/www.firstattribute.com\/wp-content\/uploads\/2024\/11\/Customers-2.png 1002w, https:\/\/www.firstattribute.com\/wp-content\/uploads\/2024\/11\/Customers-2-300x153.png 300w, https:\/\/www.firstattribute.com\/wp-content\/uploads\/2024\/11\/Customers-2-768x392.png 768w\" sizes=\"(max-width: 1002px) 100vw, 1002px\" \/><\/a><\/p>\n[\/vc_column_text][\/vc_column][\/vc_row][vc_row top_margin=&#8220;0&#8243; bottom_margin=&#8220;0&#8243; css=&#8220;.vc_custom_1663145048410{margin-bottom: -50px !important;}&#8220;][vc_column][vc_column_text css=&#8220;.vc_custom_1558008193178{border-bottom-width: 2px !important;padding-bottom: 10px !important;border-bottom-color: #618bd4 !important;border-bottom-style: solid !important;}&#8220;]\n<h2>Ein Auszug aus unserer Kundenliste:<\/h2>\n[\/vc_column_text][\/vc_column][\/vc_row][vc_row top_margin=&#8220;20&#8243; bottom_margin=&#8220;0&#8243; css=&#8220;.vc_custom_1663145030402{padding-top: -40px !important;}&#8220;][vc_column][vc_column_text css=&#8220;.vc_custom_1733133483055{margin-top: 15px !important;}&#8220;]\n<p><img decoding=\"async\" class=\"aligncenter wp-image-39164 size-full\" title=\"Ein Auszug aus unserer Kundenliste\" src=\"https:\/\/www.firstattribute.com\/wp-content\/uploads\/2024\/11\/Kundenlogo-1.png\" alt=\"\" width=\"4010\" height=\"2242\" srcset=\"https:\/\/www.firstattribute.com\/wp-content\/uploads\/2024\/11\/Kundenlogo-1.png 4010w, https:\/\/www.firstattribute.com\/wp-content\/uploads\/2024\/11\/Kundenlogo-1-300x168.png 300w, https:\/\/www.firstattribute.com\/wp-content\/uploads\/2024\/11\/Kundenlogo-1-1024x573.png 1024w, https:\/\/www.firstattribute.com\/wp-content\/uploads\/2024\/11\/Kundenlogo-1-768x429.png 768w, https:\/\/www.firstattribute.com\/wp-content\/uploads\/2024\/11\/Kundenlogo-1-1536x859.png 1536w, https:\/\/www.firstattribute.com\/wp-content\/uploads\/2024\/11\/Kundenlogo-1-2048x1145.png 2048w\" sizes=\"(max-width: 4010px) 100vw, 4010px\" \/><\/p>\n[\/vc_column_text][\/vc_column][\/vc_row][vc_row fullwidth=&#8220;yes&#8220; top_margin=&#8220;0&#8243; bottom_margin=&#8220;-60&#8243; background_color=&#8220;#EFF5FF&#8220;][vc_column][vc_column_text]\n<h2 style=\"text-align: center;\">Kontakt<\/h2>\n<p class=\"absatz\" style=\"text-align: center;\">Sie erreichen uns unter<\/p>\n<p class=\"absatz\" style=\"color: #003a93; font-size: 1.2em; text-align: center;\"><a href=\"tel:+4981969984330\">+49 81 969 984 330<\/a><\/p>\n<p class=\"absatz\" style=\"text-align: center;\">oder \u00fcber unser<\/p>\n[\/vc_column_text][\/vc_column][vc_column width=&#8220;1\/6&#8243;][\/vc_column][vc_column width=&#8220;4\/6&#8243;][vc_column_text css=&#8220;&#8220; el_class=&#8220;FA-Aligncenter&#8220;]\n<p style=\"text-align: center;\"><a href=\"https:\/\/www.firstattribute.com\/de\/kontakt\/\" target=\"_blank\" rel=\"noopener\"><button class=\"ButtonBeratung aligncenter\">Kontaktformular<\/button><\/a><\/p>\n[\/vc_column_text][\/vc_column][vc_column width=&#8220;1\/6&#8243;][\/vc_column][\/vc_row]\n<\/div>","protected":false},"excerpt":{"rendered":"<p>[vc_row top_margin=&#8220;0&#8243; bottom_margin=&#8220;0&#8243; el_class=&#8220;FA-aligncenter&#8220;][vc_column][vc_column_text el_class=&#8220;pcenter&#8220;] Unsere Kunden [\/vc_column_text][\/vc_column][vc_column][vc_column_text css=&#8220;&#8220; el_class=&#8220;pcenter&#8220;] Wir sind stolz auf langj\u00e4hrige gute Beziehungen zu unseren Kunden, [&hellip;]<\/p>\n","protected":false},"author":20,"featured_media":12168,"parent":0,"menu_order":0,"comment_status":"open","ping_status":"closed","template":"","meta":{"_monsterinsights_skip_tracking":false,"_monsterinsights_sitenote_active":false,"_monsterinsights_sitenote_note":"","_monsterinsights_sitenote_category":0,"footnotes":""},"class_list":["post-20144","page","type-page","status-publish","has-post-thumbnail","hentry"],"yoast_head":"<!-- This site is optimized with the Yoast SEO plugin v27.2 - https:\/\/yoast.com\/product\/yoast-seo-wordpress\/ -->\n<title>Unsere Kunden - Partnerschaftlich und fair - FirstAttribute AG<\/title>\n<meta name=\"description\" content=\"Die FirstAttribute steht f\u00fcr langj\u00e4hrige gute Kundenbeziehungen, die sich durch eine partnerschaftliche und faire Zusammenarbeit auszeichnen.\" \/>\n<meta name=\"robots\" content=\"index, follow, max-snippet:-1, max-image-preview:large, max-video-preview:-1\" \/>\n<link rel=\"canonical\" href=\"https:\/\/www.firstattribute.com\/de\/unsere-kunden\/\" \/>\n<meta property=\"og:locale\" content=\"de_DE\" \/>\n<meta property=\"og:type\" content=\"article\" \/>\n<meta property=\"og:title\" content=\"Unsere Kunden - Partnerschaftlich und fair - FirstAttribute AG\" \/>\n<meta property=\"og:description\" content=\"Die FirstAttribute steht f\u00fcr langj\u00e4hrige gute Kundenbeziehungen, die sich durch eine partnerschaftliche und faire Zusammenarbeit auszeichnen.\" \/>\n<meta property=\"og:url\" content=\"https:\/\/www.firstattribute.com\/de\/unsere-kunden\/\" \/>\n<meta property=\"og:site_name\" content=\"FirstAttribute AG\" \/>\n<meta property=\"article:modified_time\" content=\"2024-12-02T09:58:07+00:00\" \/>\n<meta name=\"twitter:label1\" content=\"Gesch\u00e4tzte Lesezeit\" \/>\n\t<meta name=\"twitter:data1\" content=\"3\u00a0Minuten\" \/>\n<script type=\"application\/ld+json\" class=\"yoast-schema-graph\">{\"@context\":\"https:\/\/schema.org\",\"@graph\":[{\"@type\":\"WebPage\",\"@id\":\"https:\/\/www.firstattribute.com\/de\/unsere-kunden\/\",\"url\":\"https:\/\/www.firstattribute.com\/de\/unsere-kunden\/\",\"name\":\"Unsere Kunden - Partnerschaftlich und fair - FirstAttribute AG\",\"isPartOf\":{\"@id\":\"https:\/\/www.firstattribute.com\/de\/#website\"},\"primaryImageOfPage\":{\"@id\":\"https:\/\/www.firstattribute.com\/de\/unsere-kunden\/#primaryimage\"},\"image\":{\"@id\":\"https:\/\/www.firstattribute.com\/de\/unsere-kunden\/#primaryimage\"},\"thumbnailUrl\":\"\",\"datePublished\":\"2021-03-03T12:01:55+00:00\",\"dateModified\":\"2024-12-02T09:58:07+00:00\",\"description\":\"Die FirstAttribute steht f\u00fcr langj\u00e4hrige gute Kundenbeziehungen, die sich durch eine partnerschaftliche und faire Zusammenarbeit auszeichnen.\",\"breadcrumb\":{\"@id\":\"https:\/\/www.firstattribute.com\/de\/unsere-kunden\/#breadcrumb\"},\"inLanguage\":\"de\",\"potentialAction\":[{\"@type\":\"ReadAction\",\"target\":[\"https:\/\/www.firstattribute.com\/de\/unsere-kunden\/\"]}]},{\"@type\":\"ImageObject\",\"inLanguage\":\"de\",\"@id\":\"https:\/\/www.firstattribute.com\/de\/unsere-kunden\/#primaryimage\",\"url\":\"\",\"contentUrl\":\"\"},{\"@type\":\"BreadcrumbList\",\"@id\":\"https:\/\/www.firstattribute.com\/de\/unsere-kunden\/#breadcrumb\",\"itemListElement\":[{\"@type\":\"ListItem\",\"position\":1,\"name\":\"Startseite\",\"item\":\"https:\/\/www.firstattribute.com\/de\/\"},{\"@type\":\"ListItem\",\"position\":2,\"name\":\"Unsere Kunden\"}]},{\"@type\":\"WebSite\",\"@id\":\"https:\/\/www.firstattribute.com\/de\/#website\",\"url\":\"https:\/\/www.firstattribute.com\/de\/\",\"name\":\"FirstAttribute AG\",\"description\":\"IAM Software &amp; Cloud Services\",\"publisher\":{\"@id\":\"https:\/\/www.firstattribute.com\/de\/#organization\"},\"potentialAction\":[{\"@type\":\"SearchAction\",\"target\":{\"@type\":\"EntryPoint\",\"urlTemplate\":\"https:\/\/www.firstattribute.com\/de\/?s={search_term_string}\"},\"query-input\":{\"@type\":\"PropertyValueSpecification\",\"valueRequired\":true,\"valueName\":\"search_term_string\"}}],\"inLanguage\":\"de\"},{\"@type\":\"Organization\",\"@id\":\"https:\/\/www.firstattribute.com\/de\/#organization\",\"name\":\"FirstAttribute AG\",\"url\":\"https:\/\/www.firstattribute.com\/de\/\",\"logo\":{\"@type\":\"ImageObject\",\"inLanguage\":\"de\",\"@id\":\"https:\/\/www.firstattribute.com\/de\/#\/schema\/logo\/image\/\",\"url\":\"https:\/\/www.firstattribute.com\/wp-content\/uploads\/2021\/01\/FIRSTATTRIBUTE-Logo2013-final-700x145px.png\",\"contentUrl\":\"https:\/\/www.firstattribute.com\/wp-content\/uploads\/2021\/01\/FIRSTATTRIBUTE-Logo2013-final-700x145px.png\",\"width\":700,\"height\":145,\"caption\":\"FirstAttribute AG\"},\"image\":{\"@id\":\"https:\/\/www.firstattribute.com\/de\/#\/schema\/logo\/image\/\"}}]}<\/script>\n<!-- \/ Yoast SEO plugin. -->","yoast_head_json":{"title":"Unsere Kunden - Partnerschaftlich und fair - FirstAttribute AG","description":"Die FirstAttribute steht f\u00fcr langj\u00e4hrige gute Kundenbeziehungen, die sich durch eine partnerschaftliche und faire Zusammenarbeit auszeichnen.","robots":{"index":"index","follow":"follow","max-snippet":"max-snippet:-1","max-image-preview":"max-image-preview:large","max-video-preview":"max-video-preview:-1"},"canonical":"https:\/\/www.firstattribute.com\/de\/unsere-kunden\/","og_locale":"de_DE","og_type":"article","og_title":"Unsere Kunden - Partnerschaftlich und fair - FirstAttribute AG","og_description":"Die FirstAttribute steht f\u00fcr langj\u00e4hrige gute Kundenbeziehungen, die sich durch eine partnerschaftliche und faire Zusammenarbeit auszeichnen.","og_url":"https:\/\/www.firstattribute.com\/de\/unsere-kunden\/","og_site_name":"FirstAttribute AG","article_modified_time":"2024-12-02T09:58:07+00:00","twitter_misc":{"Gesch\u00e4tzte Lesezeit":"3\u00a0Minuten"},"schema":{"@context":"https:\/\/schema.org","@graph":[{"@type":"WebPage","@id":"https:\/\/www.firstattribute.com\/de\/unsere-kunden\/","url":"https:\/\/www.firstattribute.com\/de\/unsere-kunden\/","name":"Unsere Kunden - Partnerschaftlich und fair - FirstAttribute AG","isPartOf":{"@id":"https:\/\/www.firstattribute.com\/de\/#website"},"primaryImageOfPage":{"@id":"https:\/\/www.firstattribute.com\/de\/unsere-kunden\/#primaryimage"},"image":{"@id":"https:\/\/www.firstattribute.com\/de\/unsere-kunden\/#primaryimage"},"thumbnailUrl":"","datePublished":"2021-03-03T12:01:55+00:00","dateModified":"2024-12-02T09:58:07+00:00","description":"Die FirstAttribute steht f\u00fcr langj\u00e4hrige gute Kundenbeziehungen, die sich durch eine partnerschaftliche und faire Zusammenarbeit auszeichnen.","breadcrumb":{"@id":"https:\/\/www.firstattribute.com\/de\/unsere-kunden\/#breadcrumb"},"inLanguage":"de","potentialAction":[{"@type":"ReadAction","target":["https:\/\/www.firstattribute.com\/de\/unsere-kunden\/"]}]},{"@type":"ImageObject","inLanguage":"de","@id":"https:\/\/www.firstattribute.com\/de\/unsere-kunden\/#primaryimage","url":"","contentUrl":""},{"@type":"BreadcrumbList","@id":"https:\/\/www.firstattribute.com\/de\/unsere-kunden\/#breadcrumb","itemListElement":[{"@type":"ListItem","position":1,"name":"Startseite","item":"https:\/\/www.firstattribute.com\/de\/"},{"@type":"ListItem","position":2,"name":"Unsere Kunden"}]},{"@type":"WebSite","@id":"https:\/\/www.firstattribute.com\/de\/#website","url":"https:\/\/www.firstattribute.com\/de\/","name":"FirstAttribute AG","description":"IAM Software &amp; Cloud Services","publisher":{"@id":"https:\/\/www.firstattribute.com\/de\/#organization"},"potentialAction":[{"@type":"SearchAction","target":{"@type":"EntryPoint","urlTemplate":"https:\/\/www.firstattribute.com\/de\/?s={search_term_string}"},"query-input":{"@type":"PropertyValueSpecification","valueRequired":true,"valueName":"search_term_string"}}],"inLanguage":"de"},{"@type":"Organization","@id":"https:\/\/www.firstattribute.com\/de\/#organization","name":"FirstAttribute AG","url":"https:\/\/www.firstattribute.com\/de\/","logo":{"@type":"ImageObject","inLanguage":"de","@id":"https:\/\/www.firstattribute.com\/de\/#\/schema\/logo\/image\/","url":"https:\/\/www.firstattribute.com\/wp-content\/uploads\/2021\/01\/FIRSTATTRIBUTE-Logo2013-final-700x145px.png","contentUrl":"https:\/\/www.firstattribute.com\/wp-content\/uploads\/2021\/01\/FIRSTATTRIBUTE-Logo2013-final-700x145px.png","width":700,"height":145,"caption":"FirstAttribute AG"},"image":{"@id":"https:\/\/www.firstattribute.com\/de\/#\/schema\/logo\/image\/"}}]}},"_links":{"self":[{"href":"https:\/\/www.firstattribute.com\/de\/wp-json\/wp\/v2\/pages\/20144","targetHints":{"allow":["GET"]}}],"collection":[{"href":"https:\/\/www.firstattribute.com\/de\/wp-json\/wp\/v2\/pages"}],"about":[{"href":"https:\/\/www.firstattribute.com\/de\/wp-json\/wp\/v2\/types\/page"}],"author":[{"embeddable":true,"href":"https:\/\/www.firstattribute.com\/de\/wp-json\/wp\/v2\/users\/20"}],"replies":[{"embeddable":true,"href":"https:\/\/www.firstattribute.com\/de\/wp-json\/wp\/v2\/comments?post=20144"}],"version-history":[{"count":18,"href":"https:\/\/www.firstattribute.com\/de\/wp-json\/wp\/v2\/pages\/20144\/revisions"}],"predecessor-version":[{"id":39478,"href":"https:\/\/www.firstattribute.com\/de\/wp-json\/wp\/v2\/pages\/20144\/revisions\/39478"}],"wp:featuredmedia":[{"embeddable":true,"href":"https:\/\/www.firstattribute.com\/de\/wp-json\/"}],"wp:attachment":[{"href":"https:\/\/www.firstattribute.com\/de\/wp-json\/wp\/v2\/media?parent=20144"}],"curies":[{"name":"wp","href":"https:\/\/api.w.org\/{rel}","templated":true}]}}