{"id":20351,"date":"2020-11-26T12:42:56","date_gmt":"2020-11-26T12:42:56","guid":{"rendered":"https:\/\/www.firstattribute.com\/?page_id=18715"},"modified":"2023-03-14T14:36:24","modified_gmt":"2023-03-14T13:36:24","slug":"adventsmusik","status":"publish","type":"page","link":"https:\/\/www.firstattribute.com\/de\/adventsmusik\/","title":{"rendered":"Adventsmusik"},"content":{"rendered":"<div class=\"wpb-content-wrapper\">[vc_row fullwidth=&#8220;yes&#8220; top_margin=&#8220;0&#8243; bottom_margin=&#8220;0&#8243; el_class=&#8220;FA-aligncenter FA-image-max-width&#8220;][vc_column][vc_column_text el_class=&#8220;pcenter&#8220;]\n<h1>Adventsmusik<\/h1>\n<h2>Ein Moment zum Innehalten und Genie\u00dfen<\/h2>\n[\/vc_column_text][\/vc_column][\/vc_row][vc_row][vc_column][vc_column_text el_class=&#8220;FA-aligncenter&#8220;]\n<h3>Alle Videos:<\/h3>\n[\/vc_column_text][\/vc_column][\/vc_row][vc_row][vc_column width=&#8220;1\/3&#8243;][vc_video link=&#8220;https:\/\/vimeo.com\/651947440&#8243;][vc_column_text]\n<p>Daniela P\u00f6tzelsberger &#8211; Have yourself a merry little Christmas<\/p>\n[\/vc_column_text][\/vc_column][vc_column width=&#8220;1\/3&#8243;][vc_video link=&#8220;https:\/\/vimeo.com\/651946977&#8243;][vc_column_text]\n<p>Daniela P\u00f6tzelsberger &#8211; Driving Home for Christmas<\/p>\n[\/vc_column_text][\/vc_column][vc_column width=&#8220;1\/3&#8243;][vc_video link=&#8220;https:\/\/vimeo.com\/651947939&#8243;][vc_column_text]\n<p>Daniela P\u00f6tzelsberger &#8211; Jinglebell Rock<\/p>\n[\/vc_column_text][\/vc_column][\/vc_row][vc_row][vc_column width=&#8220;1\/6&#8243;][\/vc_column][vc_column width=&#8220;1\/3&#8243;][vc_video link=&#8220;https:\/\/vimeo.com\/493500963&#8243;][vc_column_text]\n<p>Fabian L\u00f6bhard &#8211; Asventuras f\u00fcr kleine Trommel Solo<br \/>\nKomponist: Alexej Gerassimez<\/p>\n[\/vc_column_text][\/vc_column][vc_column width=&#8220;1\/3&#8243;][vc_video link=&#8220;https:\/\/vimeo.com\/493500891&#8243;][vc_column_text]\n<p>Harald Eggert und Katrin Glenz &#8211; You raise me up<\/p>\n[\/vc_column_text][\/vc_column][vc_column width=&#8220;1\/6&#8243;][\/vc_column][\/vc_row][vc_row][vc_column width=&#8220;1\/3&#8243;][vc_video link=&#8220;https:\/\/vimeo.com\/489390274&#8243;][vc_column_text]\n<p>Kannheiser &#8211; Rom<\/p>\n[\/vc_column_text][\/vc_column][vc_column width=&#8220;1\/3&#8243;][vc_video link=&#8220;https:\/\/vimeo.com\/489763663&#8243;][vc_column_text]\n<p>Luka Milosavljevic &#8211; Sonate in A dur von Domenico Scarlatti<\/p>\n[\/vc_column_text][\/vc_column][vc_column width=&#8220;1\/3&#8243;][vc_video link=&#8220;https:\/\/vimeo.com\/489754646&#8243;][vc_column_text]\n<p>Sabine Ehlscheidt, Patrick Burkhardt, Laura K\u00f6nig &#8211;\u00a0 Wenn ich ein V\u00f6glein w\u00e4r (Robert Schumann).<\/p>\n[\/vc_column_text][\/vc_column][\/vc_row][vc_row][vc_column width=&#8220;1\/3&#8243;][vc_video link=&#8220;https:\/\/vimeo.com\/488517578&#8243;][vc_column_text]\n<p>Simone Ferrini &#8211; Nuvole Bianche (Ludovico Einaudi )<\/p>\n[\/vc_column_text][\/vc_column][vc_column width=&#8220;1\/3&#8243;][vc_video link=&#8220;https:\/\/vimeo.com\/491167570&#8243;][vc_column_text]\n<p>Alexandra Lim &#8211; Jingle Bells<\/p>\n<p><span data-sheets-value=\"{&quot;1&quot;:2,&quot;2&quot;:&quot;alexandra.lim@t-online.de&quot;}\" data-sheets-userformat=\"{&quot;2&quot;:897,&quot;3&quot;:{&quot;1&quot;:0},&quot;10&quot;:0,&quot;11&quot;:4,&quot;12&quot;:0}\">alexandra.lim@t-online.de<\/span><\/p>\n[\/vc_column_text][\/vc_column][vc_column width=&#8220;1\/3&#8243;][vc_video link=&#8220;https:\/\/vimeo.com\/489309871&#8243;][vc_column_text]\n<p>Denise Felsecker &#8211; &#8222;Der Nussbaum&#8220; (R. Schumann) <a href=\"https:\/\/www.denisefelsecker.com\/\">www.denisefelsecker.co<span data-sheets-formula-bar-text-style=\"font-size:13px;color:#1155cc;font-weight:normal;text-decoration:underline;font-family:''Arial'';font-style:normal;text-decoration-skip-ink:none;\">m<\/span><\/a><\/p>\n[\/vc_column_text][\/vc_column][\/vc_row][vc_row][vc_column width=&#8220;1\/3&#8243;][vc_video link=&#8220;https:\/\/vimeo.com\/490796358&#8243;][vc_column_text]\n<p>Trio ZAHG &#8211; Pareto<\/p>\n[\/vc_column_text][\/vc_column][vc_column width=&#8220;1\/3&#8243;][vc_video link=&#8220;https:\/\/vimeo.com\/493414304&#8243;][vc_column_text]\n<p>Harald Eggert &#8211; Gabriel&#8217;s Oboe<\/p>\n[\/vc_column_text][\/vc_column][vc_column width=&#8220;1\/3&#8243;][vc_video link=&#8220;https:\/\/vimeo.com\/491223889&#8243;][vc_column_text]\n<p>Merak\u00b3 (Cristina Lehaci, Boris Kne\u017eevi\u0107, Moritz Knapp) spielen \u201eZora\u201c, Komponist: Boris Kne\u017eevi\u0107<\/p>\n[\/vc_column_text][\/vc_column][\/vc_row][vc_row][vc_column width=&#8220;1\/3&#8243;][vc_video link=&#8220;https:\/\/vimeo.com\/490804433&#8243;][vc_column_text]\n<p>Alexandra Lim &#8211; First Noel<\/p>\n<p>alexandra.lim@t-online.de<\/p>\n[\/vc_column_text][\/vc_column][vc_column width=&#8220;1\/3&#8243;][vc_video link=&#8220;https:\/\/vimeo.com\/489095622&#8243;][vc_column_text]\n<p>Laura K\u00f6nig &#8211; Capriccio aus den Fantasien op. 116 von Johannes Brahms<\/p>\n[\/vc_column_text][\/vc_column][vc_column width=&#8220;1\/3&#8243;][vc_video link=&#8220;https:\/\/vimeo.com\/488938644&#8243;][vc_column_text]\n<p>Deep Horizon &#8211; All I want<\/p>\n[\/vc_column_text][\/vc_column][\/vc_row][vc_row][vc_column width=&#8220;1\/3&#8243;][vc_video link=&#8220;https:\/\/vimeo.com\/488921990&#8243;][vc_column_text]\n<p>Daniel Eppinger &#8211; Gymnopedie No. 5<\/p>\n[\/vc_column_text][\/vc_column][vc_column width=&#8220;1\/3&#8243;][vc_video link=&#8220;https:\/\/vimeo.com\/491173100&#8243;][vc_column_text]\n<p>Felicia Graf \u2013 Sonata detta la desperata (Farina)<\/p>\n[\/vc_column_text][\/vc_column][vc_column width=&#8220;1\/3&#8243;][vc_video link=&#8220;https:\/\/vimeo.com\/490743809&#8243;][vc_column_text]\n<p>Weihnachtsstille &#8211;<\/p>\n<p>Musik, Gesang und Klavier: Andreas Pabst, <a href=\"https:\/\/www.youtube.com\/channel\/UCSNdId4e_yxJD7jE1LErk9w?view_as=subscriber\">(Youtube Kanal)<\/a>. Gesang und Violine: Magdalena Oberstaller. Text: Joseph von Eichendorff, Eduard M\u00f6rike.<\/p>\n[\/vc_column_text][\/vc_column][\/vc_row][vc_row][vc_column width=&#8220;1\/3&#8243;][vc_video link=&#8220;https:\/\/vimeo.com\/488558220&#8243;][vc_column_text]\n<p>Stephan Eppinger und Herbert Berger &#8211; Please don&#8217;t go when I talk about me<\/p>\n[\/vc_column_text][\/vc_column][vc_column width=&#8220;1\/3&#8243;][vc_video link=&#8220;https:\/\/vimeo.com\/489558182&#8243;][vc_column_text]\n<p>Ferdinand Roscher &#8211; Klangwolke<\/p>\n[\/vc_column_text][\/vc_column][vc_column width=&#8220;1\/3&#8243;][vc_video link=&#8220;https:\/\/vimeo.com\/487271472&#8243;][vc_column_text]\n<p style=\"text-align: left;\">Matze &#8211; Broke Blues<\/p>\n[\/vc_column_text][\/vc_column][\/vc_row][vc_row][vc_column width=&#8220;1\/3&#8243;][vc_video link=&#8220;https:\/\/vimeo.com\/489336719&#8243;][vc_column_text]\n<p>Fabian L\u00f6bhard und Alexandra Lim \u2013 A Klezmer Overture, Komponist: Rudolf Mauz<\/p>\n[\/vc_column_text][\/vc_column][vc_column width=&#8220;1\/3&#8243;][vc_video link=&#8220;https:\/\/vimeo.com\/490713715&#8243;][vc_column_text]\n<div>Blaskapelle Lechrain P\u00fcrgen &#8211; Wien bleibt Wien (Marsch)<\/div>\n[\/vc_column_text][\/vc_column][vc_column width=&#8220;1\/3&#8243;][vc_video link=&#8220;https:\/\/vimeo.com\/487261913&#8243;][vc_column_text]\n<p>Daniela P\u00f6tzelsberger &#8211; Don&#8217;t know why<\/p>\n[\/vc_column_text][\/vc_column][\/vc_row][vc_row][vc_column width=&#8220;1\/3&#8243;][vc_video link=&#8220;https:\/\/vimeo.com\/486008686&#8243;][vc_column_text]\n<p>Schlag3 &#8211; Stubernic von Mark Ford (*1958)<\/p>\n[\/vc_column_text][\/vc_column][vc_column width=&#8220;1\/3&#8243;][vc_video link=&#8220;https:\/\/vimeo.com\/486859243&#8243;][vc_column_text]\n<p>Simone Ferrini &#8211; Air auf der G-Saite (Johann Sebastian Bach)<\/p>\n[\/vc_column_text][\/vc_column][vc_column width=&#8220;1\/3&#8243;][vc_video link=&#8220;https:\/\/vimeo.com\/486458473&#8243;][vc_column_text]\n<p style=\"text-align: left;\">Nico Samitz &#8211; The joy of freedom<\/p>\n[\/vc_column_text][\/vc_column][\/vc_row][vc_row][vc_column width=&#8220;1\/3&#8243;][vc_video link=&#8220;https:\/\/vimeo.com\/486448092&#8243;][vc_column_text]\n<p style=\"text-align: left;\">Florian und Josiah David &#8211; Cup song<\/p>\n[\/vc_column_text][\/vc_column][vc_column width=&#8220;1\/3&#8243;][vc_video link=&#8220;https:\/\/vimeo.com\/486324586&#8243;][vc_column_text]\n<p style=\"text-align: left;\">Svenja Hartwig &#8211; Share my yoke<\/p>\n[\/vc_column_text][\/vc_column][vc_column width=&#8220;1\/3&#8243;][vc_video link=&#8220;https:\/\/vimeo.com\/486325129&#8243;][vc_column_text]\n<p style=\"text-align: left;\">Luka Milosavljevic \u2013 F. Chopin, Ballade Nr. 1.<\/p>\n[\/vc_column_text][\/vc_column][\/vc_row][vc_row][vc_column width=&#8220;1\/3&#8243;][vc_video link=&#8220;https:\/\/vimeo.com\/485985355&#8243;][vc_column_text el_class=&#8220;FA-aligncenter&#8220;]\n<p style=\"text-align: left;\">Denise Felsecker &#8211; &#8222;Cruda sorte!&#8220; Arie der Isabella aus &#8222;L&#8217;Italiana in Algeri&#8220; von G. Rossini. <a href=\"https:\/\/www.denisefelsecker.com\">www.denisefelsecker.co<span data-sheets-formula-bar-text-style=\"font-size:13px;color:#1155cc;font-weight:normal;text-decoration:underline;font-family:''Arial'';font-style:normal;text-decoration-skip-ink:none;\">m<\/span><\/a><\/p>\n[\/vc_column_text][\/vc_column][vc_column width=&#8220;1\/3&#8243;][vc_video link=&#8220;https:\/\/vimeo.com\/485550021&#8243;][vc_column_text el_class=&#8220;FA-aligncenter&#8220;]\n<p style=\"text-align: left;\"><a href=\"https:\/\/www.mandara.org\/mandara\/\">Mandara<\/a> &#8211; Nachtwandler.<\/p>\n<p style=\"text-align: left;\">Musiker: Pia Greenaway: Flute, Andreas Koller: Handpan (Innersound), Hauke Marquard: Violin.<\/p>\n[\/vc_column_text][\/vc_column][vc_column width=&#8220;1\/3&#8243;][vc_video link=&#8220;https:\/\/vimeo.com\/484476647&#8243;][vc_column_text]\n<p>Laura K\u00f6nig &#8211; Capriccio aus den Fantasien op. 116 von Johannes Brahms.<\/p>\n[\/vc_column_text][\/vc_column][\/vc_row][vc_row disable_element=&#8220;yes&#8220;][vc_column][vc_column_text el_class=&#8220;pleft&#8220; css=&#8220;.vc_custom_1606230514821{border-bottom-width: 2px !important;padding-bottom: 10px !important;border-bottom-color: #618bd4 !important;border-bottom-style: solid !important;}&#8220;]\n<h2>Adventszeit und Corona<\/h2>\n[\/vc_column_text][\/vc_column][\/vc_row][vc_row disable_element=&#8220;yes&#8220;][vc_column][vc_column_text]\n<p>Am kommenden Sonntag ist bereits der 1. Advent und mir wurde bewusst, wie anders dieses Jahr die Adventszeit wird.<br \/>\nDie Adventszeit steht nicht f\u00fcr sich allein, sondern sie zielt auf Weihnachten hin. Die Weihnachtsm\u00e4rkte, die Adventsgottesdienste oder die gemeinsamen Aktivit\u00e4ten mit Kindern und Freunden werden dieses Jahr fehlen.<br \/>\nWir sind eine spezialisierte IT-Firma, deren Kunden gl\u00fccklicherweise nicht so stark von der Corona-Pandemie betroffen sind. Wir haben gen\u00fcgend Arbeit und in der IT ist es relativ leicht, den notwendigen Abstand einzuhalten.<br \/>\nIn Branchen, wie beispielsweise bei Gastronomen oder K\u00fcnstlern, sieht die Sache schon anders aus. Sie leiden, trotz der ein oder anderen Hilfe, erheblich. Sind es doch gerade diese Bereiche, die uns sonst die Adventszeit mit Weihnachtsduft und Musik gestalten.<\/p>\n[\/vc_column_text][\/vc_column][\/vc_row][vc_row][vc_column][vc_column_text el_class=&#8220;pleft&#8220; css=&#8220;.vc_custom_1606230550292{border-bottom-width: 2px !important;padding-bottom: 10px !important;border-bottom-color: #618bd4 !important;border-bottom-style: solid !important;}&#8220;]\n<h2>Musik und Advent<\/h2>\n[\/vc_column_text][\/vc_column][\/vc_row][vc_row][vc_column][vc_column_text]\n<p>Musik und Advent geh\u00f6ren schon immer zusammen.<\/p>\n<p>Viele Musiker haben auch in diesem Jahr wenig bis kein Einkommen. Wir m\u00f6chten gemeinsam mit der K\u00fcnstlerin Daniela P\u00f6tzelsberger Ihre Adventszeit musikalisch begleiten.<\/p>\n<p>Die K\u00fcnstlerin bekommt von uns f\u00fcr den musikalischen Beitrag, den wir auf unserer Webseite ver\u00f6ffentlichen, eine kleine Gage. Wir m\u00f6chten damit zweierlei erreichen: K\u00fcnstlern in der schwierigen Zeit Dankesch\u00f6n sagen und unseren Webseitenbesuchern die Adventszeit musikalisch vers\u00fc\u00dfen.<\/p>\n[\/vc_column_text][\/vc_column][\/vc_row][vc_row disable_element=&#8220;yes&#8220;][vc_column][vc_column_text el_class=&#8220;pleft&#8220; css=&#8220;.vc_custom_1606230577371{border-bottom-width: 2px !important;padding-bottom: 10px !important;border-bottom-color: #618bd4 !important;border-bottom-style: solid !important;}&#8220;]\n<h2>Tannenzweige: Symbol f\u00fcr Leben und Hoffnung<\/h2>\n[\/vc_column_text][\/vc_column][\/vc_row][vc_row disable_element=&#8220;yes&#8220;][vc_column][vc_column_text]\n<p>Ab 1860 verwendete Johann Hinrich Wichern Tannenzweige als Schmuck f\u00fcr den Adventskranz. Tannenzweige sind ein Symbol f\u00fcr das Leben: Die Tanne gr\u00fcnt auch im Winter und verweist auf die Hoffnung, dass die Natur im Fr\u00fchling wieder zu neuem Leben erwachen wird. (Quelle: https:\/\/www.erzbistum-koeln.de)<br \/>\nDas passt dieses Jahr ganz besonders. Haben wir doch alle die Hoffnung, dass alles bald wieder zum Leben erwacht.<\/p>\n[\/vc_column_text][\/vc_column][\/vc_row][vc_row disable_element=&#8220;yes&#8220;][vc_column][vc_column_text el_class=&#8220;pleft&#8220; css=&#8220;.vc_custom_1606230600408{border-bottom-width: 2px !important;padding-bottom: 10px !important;border-bottom-color: #618bd4 !important;border-bottom-style: solid !important;}&#8220;]\n<h2>Partnerschaft und Solidarit\u00e4t<\/h2>\n[\/vc_column_text][\/vc_column][\/vc_row][vc_row disable_element=&#8220;yes&#8220;][vc_column][vc_column_text]\n<p>Obwohl wir ein kleines Unternehmen sind, k\u00f6nnen wir Solidarit\u00e4t \u00fcben und Zuversicht geben. Neben der Unterst\u00fctzung f\u00fcr K\u00fcnstler, haben wir uns entschlossen, unser t\u00e4gliches Mittagsmal in der Adventszeit von unserem lokalen Gastronom \u2013 <a href=\"https:\/\/landhotel-hipp.de\/\">Landgasthof Hipp<\/a> in Hofstetten \u2013 zubereiten zu lassen. Somit k\u00f6nnen wir auch in diesem Bereich einen Beitrag leisten.<\/p>\n[\/vc_column_text][\/vc_column][\/vc_row][vc_row][vc_column][vc_column_text]\n<p>Eine beh\u00fctete Adventszeit w\u00fcnscht das FirstAttribute Team!<\/p>\n[\/vc_column_text][\/vc_column][\/vc_row][vc_row fullwidth=&#8220;yes&#8220; top_margin=&#8220;0&#8243; bottom_margin=&#8220;-60&#8243; background_color=&#8220;#eff5ff&#8220; el_class=&#8220;FA-aligncenter&#8220;][vc_column][vc_column_text css=&#8220;.vc_custom_1556536843994{padding-top: 40px !important;}&#8220;]\n<p><span style=\"font-size: 1.8em;\">Weitere Infos<\/span><\/p>\n[\/vc_column_text][vc_column_text css=&#8220;.vc_custom_1607079468106{margin-top: -15px !important;}&#8220;]\n<p>F\u00fcr weitere Informationen k\u00f6nnen Sie uns gerne kontaktieren.<\/p>\n[\/vc_column_text]<div class=\"FA-button\"><a href=\"https:\/\/www.firstattribute.com\/unternehmen\/kontakt\/\" class=\"hb-button hb-default hb-default-button no-three-d\" target=\"_blank\" style=\"-webkit-border-radius: 2px;-moz-border-radius: 2px;border-radius: 2px;\">Kontaktieren<\/a><\/div><div class=\"shortcode-wrapper shortcode-spacer clearfix\"><div class=\"spacer\" style=\"height:20px;\"><\/div><\/div>[\/vc_column][\/vc_row]\n<\/div>","protected":false},"excerpt":{"rendered":"<p>[vc_row fullwidth=&#8220;yes&#8220; top_margin=&#8220;0&#8243; bottom_margin=&#8220;0&#8243; el_class=&#8220;FA-aligncenter FA-image-max-width&#8220;][vc_column][vc_column_text el_class=&#8220;pcenter&#8220;] Adventsmusik Ein Moment zum Innehalten und Genie\u00dfen [\/vc_column_text][\/vc_column][\/vc_row][vc_row][vc_column][vc_column_text el_class=&#8220;FA-aligncenter&#8220;] Alle Videos: [\/vc_column_text][\/vc_column][\/vc_row][vc_row][vc_column width=&#8220;1\/3&#8243;][vc_video [&hellip;]<\/p>\n","protected":false},"author":19,"featured_media":0,"parent":0,"menu_order":0,"comment_status":"closed","ping_status":"closed","template":"","meta":{"_monsterinsights_skip_tracking":false,"_monsterinsights_sitenote_active":false,"_monsterinsights_sitenote_note":"","_monsterinsights_sitenote_category":0,"footnotes":""},"class_list":["post-20351","page","type-page","status-publish","hentry"],"yoast_head":"<!-- This site is optimized with the Yoast SEO plugin v27.2 - https:\/\/yoast.com\/product\/yoast-seo-wordpress\/ -->\n<title>Adventsmusik - FirstAttribute AG<\/title>\n<meta name=\"description\" content=\"Die FirstAttribute m\u00f6chte K\u00fcnstlern in der schwierigen Zeit Dankesch\u00f6n sagen | Partnerschaft und Solidarit\u00e4t | FirstAttribute Adventsmusik\" \/>\n<meta name=\"robots\" content=\"index, follow, max-snippet:-1, max-image-preview:large, max-video-preview:-1\" \/>\n<link rel=\"canonical\" href=\"https:\/\/www.firstattribute.com\/de\/adventsmusik\/\" \/>\n<meta property=\"og:locale\" content=\"de_DE\" \/>\n<meta property=\"og:type\" content=\"article\" \/>\n<meta property=\"og:title\" content=\"Adventsmusik - FirstAttribute AG\" \/>\n<meta property=\"og:description\" content=\"Die FirstAttribute m\u00f6chte K\u00fcnstlern in der schwierigen Zeit Dankesch\u00f6n sagen | Partnerschaft und Solidarit\u00e4t | FirstAttribute Adventsmusik\" \/>\n<meta property=\"og:url\" content=\"https:\/\/www.firstattribute.com\/de\/adventsmusik\/\" \/>\n<meta property=\"og:site_name\" content=\"FirstAttribute AG\" \/>\n<meta property=\"article:modified_time\" content=\"2023-03-14T13:36:24+00:00\" \/>\n<meta name=\"twitter:label1\" content=\"Gesch\u00e4tzte Lesezeit\" \/>\n\t<meta name=\"twitter:data1\" content=\"5\u00a0Minuten\" \/>\n<script type=\"application\/ld+json\" class=\"yoast-schema-graph\">{\"@context\":\"https:\/\/schema.org\",\"@graph\":[{\"@type\":\"WebPage\",\"@id\":\"https:\/\/www.firstattribute.com\/de\/adventsmusik\/\",\"url\":\"https:\/\/www.firstattribute.com\/de\/adventsmusik\/\",\"name\":\"Adventsmusik - FirstAttribute AG\",\"isPartOf\":{\"@id\":\"https:\/\/www.firstattribute.com\/de\/#website\"},\"datePublished\":\"2020-11-26T12:42:56+00:00\",\"dateModified\":\"2023-03-14T13:36:24+00:00\",\"description\":\"Die FirstAttribute m\u00f6chte K\u00fcnstlern in der schwierigen Zeit Dankesch\u00f6n sagen | Partnerschaft und Solidarit\u00e4t | FirstAttribute Adventsmusik\",\"breadcrumb\":{\"@id\":\"https:\/\/www.firstattribute.com\/de\/adventsmusik\/#breadcrumb\"},\"inLanguage\":\"de\",\"potentialAction\":[{\"@type\":\"ReadAction\",\"target\":[\"https:\/\/www.firstattribute.com\/de\/adventsmusik\/\"]}]},{\"@type\":\"BreadcrumbList\",\"@id\":\"https:\/\/www.firstattribute.com\/de\/adventsmusik\/#breadcrumb\",\"itemListElement\":[{\"@type\":\"ListItem\",\"position\":1,\"name\":\"Startseite\",\"item\":\"https:\/\/www.firstattribute.com\/de\/\"},{\"@type\":\"ListItem\",\"position\":2,\"name\":\"Adventsmusik\"}]},{\"@type\":\"WebSite\",\"@id\":\"https:\/\/www.firstattribute.com\/de\/#website\",\"url\":\"https:\/\/www.firstattribute.com\/de\/\",\"name\":\"FirstAttribute AG\",\"description\":\"IAM Software &amp; Cloud Services\",\"publisher\":{\"@id\":\"https:\/\/www.firstattribute.com\/de\/#organization\"},\"potentialAction\":[{\"@type\":\"SearchAction\",\"target\":{\"@type\":\"EntryPoint\",\"urlTemplate\":\"https:\/\/www.firstattribute.com\/de\/?s={search_term_string}\"},\"query-input\":{\"@type\":\"PropertyValueSpecification\",\"valueRequired\":true,\"valueName\":\"search_term_string\"}}],\"inLanguage\":\"de\"},{\"@type\":\"Organization\",\"@id\":\"https:\/\/www.firstattribute.com\/de\/#organization\",\"name\":\"FirstAttribute AG\",\"url\":\"https:\/\/www.firstattribute.com\/de\/\",\"logo\":{\"@type\":\"ImageObject\",\"inLanguage\":\"de\",\"@id\":\"https:\/\/www.firstattribute.com\/de\/#\/schema\/logo\/image\/\",\"url\":\"https:\/\/www.firstattribute.com\/wp-content\/uploads\/2021\/01\/FIRSTATTRIBUTE-Logo2013-final-700x145px.png\",\"contentUrl\":\"https:\/\/www.firstattribute.com\/wp-content\/uploads\/2021\/01\/FIRSTATTRIBUTE-Logo2013-final-700x145px.png\",\"width\":700,\"height\":145,\"caption\":\"FirstAttribute AG\"},\"image\":{\"@id\":\"https:\/\/www.firstattribute.com\/de\/#\/schema\/logo\/image\/\"}}]}<\/script>\n<!-- \/ Yoast SEO plugin. -->","yoast_head_json":{"title":"Adventsmusik - FirstAttribute AG","description":"Die FirstAttribute m\u00f6chte K\u00fcnstlern in der schwierigen Zeit Dankesch\u00f6n sagen | Partnerschaft und Solidarit\u00e4t | FirstAttribute Adventsmusik","robots":{"index":"index","follow":"follow","max-snippet":"max-snippet:-1","max-image-preview":"max-image-preview:large","max-video-preview":"max-video-preview:-1"},"canonical":"https:\/\/www.firstattribute.com\/de\/adventsmusik\/","og_locale":"de_DE","og_type":"article","og_title":"Adventsmusik - FirstAttribute AG","og_description":"Die FirstAttribute m\u00f6chte K\u00fcnstlern in der schwierigen Zeit Dankesch\u00f6n sagen | Partnerschaft und Solidarit\u00e4t | FirstAttribute Adventsmusik","og_url":"https:\/\/www.firstattribute.com\/de\/adventsmusik\/","og_site_name":"FirstAttribute AG","article_modified_time":"2023-03-14T13:36:24+00:00","twitter_misc":{"Gesch\u00e4tzte Lesezeit":"5\u00a0Minuten"},"schema":{"@context":"https:\/\/schema.org","@graph":[{"@type":"WebPage","@id":"https:\/\/www.firstattribute.com\/de\/adventsmusik\/","url":"https:\/\/www.firstattribute.com\/de\/adventsmusik\/","name":"Adventsmusik - FirstAttribute AG","isPartOf":{"@id":"https:\/\/www.firstattribute.com\/de\/#website"},"datePublished":"2020-11-26T12:42:56+00:00","dateModified":"2023-03-14T13:36:24+00:00","description":"Die FirstAttribute m\u00f6chte K\u00fcnstlern in der schwierigen Zeit Dankesch\u00f6n sagen | Partnerschaft und Solidarit\u00e4t | FirstAttribute Adventsmusik","breadcrumb":{"@id":"https:\/\/www.firstattribute.com\/de\/adventsmusik\/#breadcrumb"},"inLanguage":"de","potentialAction":[{"@type":"ReadAction","target":["https:\/\/www.firstattribute.com\/de\/adventsmusik\/"]}]},{"@type":"BreadcrumbList","@id":"https:\/\/www.firstattribute.com\/de\/adventsmusik\/#breadcrumb","itemListElement":[{"@type":"ListItem","position":1,"name":"Startseite","item":"https:\/\/www.firstattribute.com\/de\/"},{"@type":"ListItem","position":2,"name":"Adventsmusik"}]},{"@type":"WebSite","@id":"https:\/\/www.firstattribute.com\/de\/#website","url":"https:\/\/www.firstattribute.com\/de\/","name":"FirstAttribute AG","description":"IAM Software &amp; Cloud Services","publisher":{"@id":"https:\/\/www.firstattribute.com\/de\/#organization"},"potentialAction":[{"@type":"SearchAction","target":{"@type":"EntryPoint","urlTemplate":"https:\/\/www.firstattribute.com\/de\/?s={search_term_string}"},"query-input":{"@type":"PropertyValueSpecification","valueRequired":true,"valueName":"search_term_string"}}],"inLanguage":"de"},{"@type":"Organization","@id":"https:\/\/www.firstattribute.com\/de\/#organization","name":"FirstAttribute AG","url":"https:\/\/www.firstattribute.com\/de\/","logo":{"@type":"ImageObject","inLanguage":"de","@id":"https:\/\/www.firstattribute.com\/de\/#\/schema\/logo\/image\/","url":"https:\/\/www.firstattribute.com\/wp-content\/uploads\/2021\/01\/FIRSTATTRIBUTE-Logo2013-final-700x145px.png","contentUrl":"https:\/\/www.firstattribute.com\/wp-content\/uploads\/2021\/01\/FIRSTATTRIBUTE-Logo2013-final-700x145px.png","width":700,"height":145,"caption":"FirstAttribute AG"},"image":{"@id":"https:\/\/www.firstattribute.com\/de\/#\/schema\/logo\/image\/"}}]}},"_links":{"self":[{"href":"https:\/\/www.firstattribute.com\/de\/wp-json\/wp\/v2\/pages\/20351","targetHints":{"allow":["GET"]}}],"collection":[{"href":"https:\/\/www.firstattribute.com\/de\/wp-json\/wp\/v2\/pages"}],"about":[{"href":"https:\/\/www.firstattribute.com\/de\/wp-json\/wp\/v2\/types\/page"}],"author":[{"embeddable":true,"href":"https:\/\/www.firstattribute.com\/de\/wp-json\/wp\/v2\/users\/19"}],"replies":[{"embeddable":true,"href":"https:\/\/www.firstattribute.com\/de\/wp-json\/wp\/v2\/comments?post=20351"}],"version-history":[{"count":11,"href":"https:\/\/www.firstattribute.com\/de\/wp-json\/wp\/v2\/pages\/20351\/revisions"}],"predecessor-version":[{"id":37121,"href":"https:\/\/www.firstattribute.com\/de\/wp-json\/wp\/v2\/pages\/20351\/revisions\/37121"}],"wp:attachment":[{"href":"https:\/\/www.firstattribute.com\/de\/wp-json\/wp\/v2\/media?parent=20351"}],"curies":[{"name":"wp","href":"https:\/\/api.w.org\/{rel}","templated":true}]}}